{"id":1001,"date":"2022-01-04T11:24:45","date_gmt":"2022-01-13T11:38:08","guid":{"rendered":"https:\/\/www.medecinenutritionetdanse.com\/shop\/non%20class\u00e9\/blush-duo\/"},"modified":"2022-01-13T12:39:29","modified_gmt":"2022-01-13T11:39:29","slug":"blush-duo","status":"publish","type":"product","link":"https:\/\/www.medecinenutritionetdanse.com\/fr\/shop\/ligne-de-maquillage\/blush-duo\/","title":{"rendered":"Blush Duo"},"content":{"rendered":"<p><strong>Ingr\u00e9dients actifs:<\/strong><\/p>\n<p>EXTRAIT DE BETAINE + RHODIOLA ROSEA + EXTRAIT DE LEVURE est compos\u00e9 d&rsquo;un extrait de levure ferment\u00e9e, de Rhodiola Rosea et de b\u00e9ta\u00efne provenant de betteraves \u00e0 sucre. Il stimule, stimule et hydrate les tissus fatigu\u00e9s pour donner \u00e0 la peau une apparence lisse et ferme.<\/p>\n<p>L&rsquo;extrait de Laminaria Ochoroleuca contient le facteur de protection biologique Antileukine 6 \u00ae qui renforce la barri\u00e8re lipidique. Gr\u00e2ce \u00e0 sa concentration \u00e9lev\u00e9e en phosphatidylcholine, il am\u00e9liore l&rsquo;hydratation de la peau.<\/p>\n<p>Antileukine 6 \u00ae limite fortement l\u2019activation des k\u00e9ratinocytes et neutralise les cons\u00e9quences biologiques d\u2019un stress UVB.<\/p>\n<p>Huile d&rsquo;abricot bio<\/p>\n<p>La partie lipophile de l&rsquo;abricot a des propri\u00e9t\u00e9s raffermissantes, \u00e9mollientes et hydratantes.<\/p>\n<p>Le ma\u00efs z\u00e9a biologique a un effet \u00e9mollient et adoucissant.<\/p>\n<p>La pr\u00e9sence de squal\u00e8ne dans les produits cosm\u00e9tiques permet de p\u00e9n\u00e9trer dans les couches profondes de la peau et de reformer le fil hydrolipidique, affaibli par la lumi\u00e8re du soleil et les d\u00e9tergents.<\/p>\n<p>Il exerce \u00e9galement une action protectrice tr\u00e8s importante contre le stress oxydatif de la peau: les deux insaturations en font le principal agent antioxydant de l&rsquo;\u00e9piderme.<\/p>\n<p>Le tocoph\u00e9rol v\u00e9g\u00e9tal, commun\u00e9ment appel\u00e9 vitamine E, est l&rsquo;un des antioxydants les plus importants. Il capte les radicaux libres et prot\u00e8ge la peau des dommages et du vieillissement pr\u00e9matur\u00e9.<\/p>\n<p>Indications:<\/p>\n<p>100% BIO.<\/p>\n","protected":false},"excerpt":{"rendered":"<p><img loading=\"lazy\" decoding=\"async\" class=\"alignnone size-full wp-image-22\" src=\"https:\/\/www.medecinenutritionetdanse.com\/wp-content\/uploads\/2022\/01\/bio.png\" alt=\"\" width=\"150\" height=\"53\"><\/p>\n<p>Il contient des actifs antioxydants, anti-\u00e2ge et opacifiants qui minimisent les imperfections. La texture fine colore les pommettes de mani\u00e8re naturelle. N&rsquo;obstrue pas les pores et am\u00e9liore la texture de la peau.<\/p>\n","protected":false},"featured_media":531,"template":"","meta":{"_et_pb_use_builder":"off","_et_pb_old_content":"<strong>Ingr\u00e9dients actifs:<\/strong>\n\nEXTRAIT DE BETAINE + RHODIOLA ROSEA + EXTRAIT DE LEVURE est compos\u00e9 d'un extrait de levure ferment\u00e9e, de Rhodiola Rosea et de b\u00e9ta\u00efne provenant de betteraves \u00e0 sucre. Il stimule, stimule et hydrate les tissus fatigu\u00e9s pour donner \u00e0 la peau une apparence lisse et ferme.\n\nL'extrait de Laminaria Ochoroleuca contient le facteur de protection biologique Antileukine 6 \u00ae qui renforce la barri\u00e8re lipidique. Gr\u00e2ce \u00e0 sa concentration \u00e9lev\u00e9e en phosphatidylcholine, il am\u00e9liore l'hydratation de la peau.\n\nAntileukine 6 \u00ae limite fortement l\u2019activation des k\u00e9ratinocytes et neutralise les cons\u00e9quences biologiques d\u2019un stress UVB.\n\nHuile d'abricot bio\n\nLa partie lipophile de l'abricot a des propri\u00e9t\u00e9s raffermissantes, \u00e9mollientes et hydratantes.\n\nLe ma\u00efs z\u00e9a biologique a un effet \u00e9mollient et adoucissant.\n\nLa pr\u00e9sence de squal\u00e8ne dans les produits cosm\u00e9tiques permet de p\u00e9n\u00e9trer dans les couches profondes de la peau et de reformer le fil hydrolipidique, affaibli par la lumi\u00e8re du soleil et les d\u00e9tergents.\n\nIl exerce \u00e9galement une action protectrice tr\u00e8s importante contre le stress oxydatif de la peau: les deux insaturations en font le principal agent antioxydant de l'\u00e9piderme.\n\nLe tocoph\u00e9rol v\u00e9g\u00e9tal, commun\u00e9ment appel\u00e9 vitamine E, est l'un des antioxydants les plus importants. Il capte les radicaux libres et prot\u00e8ge la peau des dommages et du vieillissement pr\u00e9matur\u00e9.\n\nIndications:\n\n100% BIO.","_et_gb_content_width":""},"product_brand":[],"product_cat":[58],"product_tag":[64],"class_list":{"0":"post-1001","1":"product","2":"type-product","3":"status-publish","4":"has-post-thumbnail","6":"product_cat-ligne-de-maquillage","7":"product_tag-soins-du-visage","9":"first","10":"instock","11":"downloadable","12":"shipping-taxable","13":"purchasable","14":"product-type-simple"},"yoast_head":"<!-- This site is optimized with the Yoast SEO plugin v27.3 - https:\/\/yoast.com\/product\/yoast-seo-wordpress\/ -->\n<title>Blush Duo - Medecine Nutrition et Danse<\/title>\n<meta name=\"robots\" content=\"index, follow, max-snippet:-1, max-image-preview:large, max-video-preview:-1\" \/>\n<link rel=\"canonical\" href=\"https:\/\/www.medecinenutritionetdanse.com\/shop\/linea-make-up\/blush-duo\/\" \/>\n<meta property=\"og:locale\" content=\"fr_FR\" \/>\n<meta property=\"og:type\" content=\"article\" \/>\n<meta property=\"og:title\" content=\"Blush Duo - Medecine Nutrition et Danse\" \/>\n<meta property=\"og:description\" content=\"Il contient des actifs antioxydants, anti-\u00e2ge et opacifiants qui minimisent les imperfections. La texture fine colore les pommettes de mani\u00e8re naturelle. N&#039;obstrue pas les pores et am\u00e9liore la texture de la peau.\" \/>\n<meta property=\"og:url\" content=\"https:\/\/www.medecinenutritionetdanse.com\/shop\/linea-make-up\/blush-duo\/\" \/>\n<meta property=\"og:site_name\" content=\"Medecine Nutrition et Danse\" \/>\n<meta property=\"article:modified_time\" content=\"2022-01-13T11:39:29+00:00\" \/>\n<meta property=\"og:image\" content=\"https:\/\/www.medecinenutritionetdanse.com\/wp-content\/uploads\/2022\/01\/Blush-Duo-Linea-Make-up-3.jpg\" \/>\n\t<meta property=\"og:image:width\" content=\"1500\" \/>\n\t<meta property=\"og:image:height\" content=\"1500\" \/>\n\t<meta property=\"og:image:type\" content=\"image\/jpeg\" \/>\n<meta name=\"twitter:card\" content=\"summary_large_image\" \/>\n<meta name=\"twitter:label1\" content=\"Dur\u00e9e de lecture estim\u00e9e\" \/>\n\t<meta name=\"twitter:data1\" content=\"1 minute\" \/>\n<script type=\"application\/ld+json\" class=\"yoast-schema-graph\">{\"@context\":\"https:\\\/\\\/schema.org\",\"@graph\":[{\"@type\":\"WebPage\",\"@id\":\"https:\\\/\\\/www.medecinenutritionetdanse.com\\\/shop\\\/linea-make-up\\\/blush-duo\\\/\",\"url\":\"https:\\\/\\\/www.medecinenutritionetdanse.com\\\/shop\\\/linea-make-up\\\/blush-duo\\\/\",\"name\":\"Blush Duo - Medecine Nutrition et Danse\",\"isPartOf\":{\"@id\":\"https:\\\/\\\/www.medecinenutritionetdanse.com\\\/#website\"},\"primaryImageOfPage\":{\"@id\":\"https:\\\/\\\/www.medecinenutritionetdanse.com\\\/shop\\\/linea-make-up\\\/blush-duo\\\/#primaryimage\"},\"image\":{\"@id\":\"https:\\\/\\\/www.medecinenutritionetdanse.com\\\/shop\\\/linea-make-up\\\/blush-duo\\\/#primaryimage\"},\"thumbnailUrl\":\"https:\\\/\\\/www.medecinenutritionetdanse.com\\\/wp-content\\\/uploads\\\/2022\\\/01\\\/Blush-Duo-Linea-Make-up-3.jpg\",\"datePublished\":\"2022-01-13T11:38:08+00:00\",\"dateModified\":\"2022-01-13T11:39:29+00:00\",\"breadcrumb\":{\"@id\":\"https:\\\/\\\/www.medecinenutritionetdanse.com\\\/shop\\\/linea-make-up\\\/blush-duo\\\/#breadcrumb\"},\"inLanguage\":\"fr-FR\",\"potentialAction\":[{\"@type\":\"ReadAction\",\"target\":[\"https:\\\/\\\/www.medecinenutritionetdanse.com\\\/shop\\\/linea-make-up\\\/blush-duo\\\/\"]}]},{\"@type\":\"ImageObject\",\"inLanguage\":\"fr-FR\",\"@id\":\"https:\\\/\\\/www.medecinenutritionetdanse.com\\\/shop\\\/linea-make-up\\\/blush-duo\\\/#primaryimage\",\"url\":\"https:\\\/\\\/www.medecinenutritionetdanse.com\\\/wp-content\\\/uploads\\\/2022\\\/01\\\/Blush-Duo-Linea-Make-up-3.jpg\",\"contentUrl\":\"https:\\\/\\\/www.medecinenutritionetdanse.com\\\/wp-content\\\/uploads\\\/2022\\\/01\\\/Blush-Duo-Linea-Make-up-3.jpg\",\"width\":1500,\"height\":1500,\"caption\":\"Blush Duo 3\"},{\"@type\":\"BreadcrumbList\",\"@id\":\"https:\\\/\\\/www.medecinenutritionetdanse.com\\\/shop\\\/linea-make-up\\\/blush-duo\\\/#breadcrumb\",\"itemListElement\":[{\"@type\":\"ListItem\",\"position\":1,\"name\":\"Home\",\"item\":\"https:\\\/\\\/www.medecinenutritionetdanse.com\\\/fr\\\/\"},{\"@type\":\"ListItem\",\"position\":2,\"name\":\"Boutique\",\"item\":\"https:\\\/\\\/www.medecinenutritionetdanse.com\\\/fr\\\/shop\\\/\"},{\"@type\":\"ListItem\",\"position\":3,\"name\":\"Blush Duo\"}]},{\"@type\":\"WebSite\",\"@id\":\"https:\\\/\\\/www.medecinenutritionetdanse.com\\\/#website\",\"url\":\"https:\\\/\\\/www.medecinenutritionetdanse.com\\\/\",\"name\":\"Medecine Nutrition et Danse\",\"description\":\"Dott.ssa Monica Caddeo\",\"potentialAction\":[{\"@type\":\"SearchAction\",\"target\":{\"@type\":\"EntryPoint\",\"urlTemplate\":\"https:\\\/\\\/www.medecinenutritionetdanse.com\\\/?s={search_term_string}\"},\"query-input\":{\"@type\":\"PropertyValueSpecification\",\"valueRequired\":true,\"valueName\":\"search_term_string\"}}],\"inLanguage\":\"fr-FR\"}]}<\/script>\n<!-- \/ Yoast SEO plugin. -->","yoast_head_json":{"title":"Blush Duo - Medecine Nutrition et Danse","robots":{"index":"index","follow":"follow","max-snippet":"max-snippet:-1","max-image-preview":"max-image-preview:large","max-video-preview":"max-video-preview:-1"},"canonical":"https:\/\/www.medecinenutritionetdanse.com\/shop\/linea-make-up\/blush-duo\/","og_locale":"fr_FR","og_type":"article","og_title":"Blush Duo - Medecine Nutrition et Danse","og_description":"Il contient des actifs antioxydants, anti-\u00e2ge et opacifiants qui minimisent les imperfections. La texture fine colore les pommettes de mani\u00e8re naturelle. N'obstrue pas les pores et am\u00e9liore la texture de la peau.","og_url":"https:\/\/www.medecinenutritionetdanse.com\/shop\/linea-make-up\/blush-duo\/","og_site_name":"Medecine Nutrition et Danse","article_modified_time":"2022-01-13T11:39:29+00:00","og_image":[{"width":1500,"height":1500,"url":"https:\/\/www.medecinenutritionetdanse.com\/wp-content\/uploads\/2022\/01\/Blush-Duo-Linea-Make-up-3.jpg","type":"image\/jpeg"}],"twitter_card":"summary_large_image","twitter_misc":{"Dur\u00e9e de lecture estim\u00e9e":"1 minute"},"schema":{"@context":"https:\/\/schema.org","@graph":[{"@type":"WebPage","@id":"https:\/\/www.medecinenutritionetdanse.com\/shop\/linea-make-up\/blush-duo\/","url":"https:\/\/www.medecinenutritionetdanse.com\/shop\/linea-make-up\/blush-duo\/","name":"Blush Duo - Medecine Nutrition et Danse","isPartOf":{"@id":"https:\/\/www.medecinenutritionetdanse.com\/#website"},"primaryImageOfPage":{"@id":"https:\/\/www.medecinenutritionetdanse.com\/shop\/linea-make-up\/blush-duo\/#primaryimage"},"image":{"@id":"https:\/\/www.medecinenutritionetdanse.com\/shop\/linea-make-up\/blush-duo\/#primaryimage"},"thumbnailUrl":"https:\/\/www.medecinenutritionetdanse.com\/wp-content\/uploads\/2022\/01\/Blush-Duo-Linea-Make-up-3.jpg","datePublished":"2022-01-13T11:38:08+00:00","dateModified":"2022-01-13T11:39:29+00:00","breadcrumb":{"@id":"https:\/\/www.medecinenutritionetdanse.com\/shop\/linea-make-up\/blush-duo\/#breadcrumb"},"inLanguage":"fr-FR","potentialAction":[{"@type":"ReadAction","target":["https:\/\/www.medecinenutritionetdanse.com\/shop\/linea-make-up\/blush-duo\/"]}]},{"@type":"ImageObject","inLanguage":"fr-FR","@id":"https:\/\/www.medecinenutritionetdanse.com\/shop\/linea-make-up\/blush-duo\/#primaryimage","url":"https:\/\/www.medecinenutritionetdanse.com\/wp-content\/uploads\/2022\/01\/Blush-Duo-Linea-Make-up-3.jpg","contentUrl":"https:\/\/www.medecinenutritionetdanse.com\/wp-content\/uploads\/2022\/01\/Blush-Duo-Linea-Make-up-3.jpg","width":1500,"height":1500,"caption":"Blush Duo 3"},{"@type":"BreadcrumbList","@id":"https:\/\/www.medecinenutritionetdanse.com\/shop\/linea-make-up\/blush-duo\/#breadcrumb","itemListElement":[{"@type":"ListItem","position":1,"name":"Home","item":"https:\/\/www.medecinenutritionetdanse.com\/fr\/"},{"@type":"ListItem","position":2,"name":"Boutique","item":"https:\/\/www.medecinenutritionetdanse.com\/fr\/shop\/"},{"@type":"ListItem","position":3,"name":"Blush Duo"}]},{"@type":"WebSite","@id":"https:\/\/www.medecinenutritionetdanse.com\/#website","url":"https:\/\/www.medecinenutritionetdanse.com\/","name":"Medecine Nutrition et Danse","description":"Dott.ssa Monica Caddeo","potentialAction":[{"@type":"SearchAction","target":{"@type":"EntryPoint","urlTemplate":"https:\/\/www.medecinenutritionetdanse.com\/?s={search_term_string}"},"query-input":{"@type":"PropertyValueSpecification","valueRequired":true,"valueName":"search_term_string"}}],"inLanguage":"fr-FR"}]}},"_links":{"self":[{"href":"https:\/\/www.medecinenutritionetdanse.com\/fr\/wp-json\/wp\/v2\/product\/1001","targetHints":{"allow":["GET"]}}],"collection":[{"href":"https:\/\/www.medecinenutritionetdanse.com\/fr\/wp-json\/wp\/v2\/product"}],"about":[{"href":"https:\/\/www.medecinenutritionetdanse.com\/fr\/wp-json\/wp\/v2\/types\/product"}],"wp:featuredmedia":[{"embeddable":true,"href":"https:\/\/www.medecinenutritionetdanse.com\/fr\/wp-json\/wp\/v2\/media\/531"}],"wp:attachment":[{"href":"https:\/\/www.medecinenutritionetdanse.com\/fr\/wp-json\/wp\/v2\/media?parent=1001"}],"wp:term":[{"taxonomy":"product_brand","embeddable":true,"href":"https:\/\/www.medecinenutritionetdanse.com\/fr\/wp-json\/wp\/v2\/product_brand?post=1001"},{"taxonomy":"product_cat","embeddable":true,"href":"https:\/\/www.medecinenutritionetdanse.com\/fr\/wp-json\/wp\/v2\/product_cat?post=1001"},{"taxonomy":"product_tag","embeddable":true,"href":"https:\/\/www.medecinenutritionetdanse.com\/fr\/wp-json\/wp\/v2\/product_tag?post=1001"}],"curies":[{"name":"wp","href":"https:\/\/api.w.org\/{rel}","templated":true}]}}