{"id":1038,"date":"2022-01-07T17:40:12","date_gmt":"2022-01-13T14:06:52","guid":{"rendered":"https:\/\/www.medecinenutritionetdanse.com\/shop\/non%20class\u00e9\/lip-balm-volumizzante-ph-reagent\/"},"modified":"2022-08-04T18:30:54","modified_gmt":"2022-08-04T16:30:54","slug":"lip-balm-volumizzante-ph-reagent","status":"publish","type":"product","link":"https:\/\/www.medecinenutritionetdanse.com\/fr\/shop\/ligne-de-maquillage\/lip-balm-volumizzante-ph-reagent\/","title":{"rendered":"Lip Balm Volumizzante PH Reagent"},"content":{"rendered":"<p>Baume \u00e0 l\u00e8vres \u00e0 l&rsquo;action hydratante et volumatrice \u00e0 base de collag\u00e8ne et d&rsquo;acide hyaluronique. Contient des pigments sp\u00e9ciaux qui r\u00e9agissent au contact des l\u00e8vres et s&rsquo;adaptent \u00e0 leur pH r\u00e9v\u00e9lant leur couleur naturelle. Il donne aux l\u00e8vres une couleur ros\u00e9e qui se marie parfaitement avec votre teint.<\/p>\n<p>\u00c0 l&rsquo;int\u00e9rieur, nous trouvons des microbilles qui r\u00e9fl\u00e9chissent la lumi\u00e8re. La formule est enrichie en cr\u00e8me solaire pour prot\u00e9ger les l\u00e8vres des m\u00e9faits du soleil, la texture cors\u00e9e et enveloppante \u00e0 la douceur imm\u00e9diate et ultra soyeuse procure une hydratation maximale. Id\u00e9al pour maintenir la turgescence apr\u00e8s le traitement avec le comblement \u00e0 base d&rsquo;acide hyaluronique.<\/p>\n<p>Ravive la couleur des l\u00e8vres pendant 6 \u00e0 8 heures.<\/p>\n<p>Parfum : vanille.<\/p>\n<p>Comment utiliser:<\/p>\n<p>Il peut \u00eatre port\u00e9 seul en baume \u00e0 l\u00e8vres ou pour renforcer l&rsquo;effet volume.Il est recommand\u00e9 d&rsquo;appliquer d&rsquo;abord le produit Magic Lips et imm\u00e9diatement apr\u00e8s le Baume \u00e0 L\u00e8vres.<\/p>\n","protected":false},"excerpt":{"rendered":"<p><img loading=\"lazy\" decoding=\"async\" class=\"alignnone size-full wp-image-22\" src=\"https:\/\/www.medecinenutritionetdanse.com\/wp-content\/uploads\/2022\/01\/bio.png\" alt=\"\" width=\"150\" height=\"53\"><\/p>\n<p>Baume \u00e0 l\u00e8vres \u00e0 action hydratante et volumisante \u00e0 base de collag\u00e8ne et d&rsquo;acide hyaluronique.<\/p>\n","protected":false},"featured_media":7623,"template":"","meta":{"_et_pb_use_builder":"","_et_pb_old_content":"","_et_gb_content_width":""},"product_brand":[],"product_cat":[58],"product_tag":[64],"class_list":{"0":"post-1038","1":"product","2":"type-product","3":"status-publish","4":"has-post-thumbnail","6":"product_cat-ligne-de-maquillage","7":"product_tag-soins-du-visage","9":"first","10":"instock","11":"shipping-taxable","12":"purchasable","13":"product-type-simple"},"yoast_head":"<!-- This site is optimized with the Yoast SEO plugin v27.3 - https:\/\/yoast.com\/product\/yoast-seo-wordpress\/ -->\n<title>Lip Balm Volumizzante PH Reagent - Medecine Nutrition et Danse<\/title>\n<meta name=\"robots\" content=\"index, follow, max-snippet:-1, max-image-preview:large, max-video-preview:-1\" \/>\n<link rel=\"canonical\" href=\"https:\/\/www.medecinenutritionetdanse.com\/fr\/shop\/ligne-de-maquillage\/lip-balm-volumizzante-ph-reagent\/\" \/>\n<meta property=\"og:locale\" content=\"fr_FR\" \/>\n<meta property=\"og:type\" content=\"article\" \/>\n<meta property=\"og:title\" content=\"Lip Balm Volumizzante PH Reagent - Medecine Nutrition et Danse\" \/>\n<meta property=\"og:description\" content=\"Baume \u00e0 l\u00e8vres \u00e0 action hydratante et volumisante \u00e0 base de collag\u00e8ne et d&#039;acide hyaluronique.\" \/>\n<meta property=\"og:url\" content=\"https:\/\/www.medecinenutritionetdanse.com\/fr\/shop\/ligne-de-maquillage\/lip-balm-volumizzante-ph-reagent\/\" \/>\n<meta property=\"og:site_name\" content=\"Medecine Nutrition et Danse\" \/>\n<meta property=\"article:modified_time\" content=\"2022-08-04T16:30:54+00:00\" \/>\n<meta property=\"og:image\" content=\"https:\/\/www.medecinenutritionetdanse.com\/wp-content\/uploads\/2022\/01\/Lip-Balm-Volumizzante-PH-Reagent-2.jpg\" \/>\n\t<meta property=\"og:image:width\" content=\"800\" \/>\n\t<meta property=\"og:image:height\" content=\"800\" \/>\n\t<meta property=\"og:image:type\" content=\"image\/jpeg\" \/>\n<meta name=\"twitter:card\" content=\"summary_large_image\" \/>\n<meta name=\"twitter:label1\" content=\"Dur\u00e9e de lecture estim\u00e9e\" \/>\n\t<meta name=\"twitter:data1\" content=\"1 minute\" \/>\n<script type=\"application\/ld+json\" class=\"yoast-schema-graph\">{\"@context\":\"https:\\\/\\\/schema.org\",\"@graph\":[{\"@type\":\"WebPage\",\"@id\":\"https:\\\/\\\/www.medecinenutritionetdanse.com\\\/fr\\\/shop\\\/ligne-de-maquillage\\\/lip-balm-volumizzante-ph-reagent\\\/\",\"url\":\"https:\\\/\\\/www.medecinenutritionetdanse.com\\\/fr\\\/shop\\\/ligne-de-maquillage\\\/lip-balm-volumizzante-ph-reagent\\\/\",\"name\":\"Lip Balm Volumizzante PH Reagent - Medecine Nutrition et Danse\",\"isPartOf\":{\"@id\":\"https:\\\/\\\/www.medecinenutritionetdanse.com\\\/#website\"},\"primaryImageOfPage\":{\"@id\":\"https:\\\/\\\/www.medecinenutritionetdanse.com\\\/fr\\\/shop\\\/ligne-de-maquillage\\\/lip-balm-volumizzante-ph-reagent\\\/#primaryimage\"},\"image\":{\"@id\":\"https:\\\/\\\/www.medecinenutritionetdanse.com\\\/fr\\\/shop\\\/ligne-de-maquillage\\\/lip-balm-volumizzante-ph-reagent\\\/#primaryimage\"},\"thumbnailUrl\":\"https:\\\/\\\/www.medecinenutritionetdanse.com\\\/wp-content\\\/uploads\\\/2022\\\/01\\\/Lip-Balm-Volumizzante-PH-Reagent-2.jpg\",\"datePublished\":\"2022-01-13T14:06:52+00:00\",\"dateModified\":\"2022-08-04T16:30:54+00:00\",\"breadcrumb\":{\"@id\":\"https:\\\/\\\/www.medecinenutritionetdanse.com\\\/fr\\\/shop\\\/ligne-de-maquillage\\\/lip-balm-volumizzante-ph-reagent\\\/#breadcrumb\"},\"inLanguage\":\"fr-FR\",\"potentialAction\":[{\"@type\":\"ReadAction\",\"target\":[\"https:\\\/\\\/www.medecinenutritionetdanse.com\\\/fr\\\/shop\\\/ligne-de-maquillage\\\/lip-balm-volumizzante-ph-reagent\\\/\"]}]},{\"@type\":\"ImageObject\",\"inLanguage\":\"fr-FR\",\"@id\":\"https:\\\/\\\/www.medecinenutritionetdanse.com\\\/fr\\\/shop\\\/ligne-de-maquillage\\\/lip-balm-volumizzante-ph-reagent\\\/#primaryimage\",\"url\":\"https:\\\/\\\/www.medecinenutritionetdanse.com\\\/wp-content\\\/uploads\\\/2022\\\/01\\\/Lip-Balm-Volumizzante-PH-Reagent-2.jpg\",\"contentUrl\":\"https:\\\/\\\/www.medecinenutritionetdanse.com\\\/wp-content\\\/uploads\\\/2022\\\/01\\\/Lip-Balm-Volumizzante-PH-Reagent-2.jpg\",\"width\":800,\"height\":800},{\"@type\":\"BreadcrumbList\",\"@id\":\"https:\\\/\\\/www.medecinenutritionetdanse.com\\\/fr\\\/shop\\\/ligne-de-maquillage\\\/lip-balm-volumizzante-ph-reagent\\\/#breadcrumb\",\"itemListElement\":[{\"@type\":\"ListItem\",\"position\":1,\"name\":\"Home\",\"item\":\"https:\\\/\\\/www.medecinenutritionetdanse.com\\\/fr\\\/\"},{\"@type\":\"ListItem\",\"position\":2,\"name\":\"Boutique\",\"item\":\"https:\\\/\\\/www.medecinenutritionetdanse.com\\\/fr\\\/shop\\\/\"},{\"@type\":\"ListItem\",\"position\":3,\"name\":\"Lip Balm Volumizzante PH Reagent\"}]},{\"@type\":\"WebSite\",\"@id\":\"https:\\\/\\\/www.medecinenutritionetdanse.com\\\/#website\",\"url\":\"https:\\\/\\\/www.medecinenutritionetdanse.com\\\/\",\"name\":\"Medecine Nutrition et Danse\",\"description\":\"Dott.ssa Monica Caddeo\",\"potentialAction\":[{\"@type\":\"SearchAction\",\"target\":{\"@type\":\"EntryPoint\",\"urlTemplate\":\"https:\\\/\\\/www.medecinenutritionetdanse.com\\\/?s={search_term_string}\"},\"query-input\":{\"@type\":\"PropertyValueSpecification\",\"valueRequired\":true,\"valueName\":\"search_term_string\"}}],\"inLanguage\":\"fr-FR\"}]}<\/script>\n<!-- \/ Yoast SEO plugin. -->","yoast_head_json":{"title":"Lip Balm Volumizzante PH Reagent - Medecine Nutrition et Danse","robots":{"index":"index","follow":"follow","max-snippet":"max-snippet:-1","max-image-preview":"max-image-preview:large","max-video-preview":"max-video-preview:-1"},"canonical":"https:\/\/www.medecinenutritionetdanse.com\/fr\/shop\/ligne-de-maquillage\/lip-balm-volumizzante-ph-reagent\/","og_locale":"fr_FR","og_type":"article","og_title":"Lip Balm Volumizzante PH Reagent - Medecine Nutrition et Danse","og_description":"Baume \u00e0 l\u00e8vres \u00e0 action hydratante et volumisante \u00e0 base de collag\u00e8ne et d'acide hyaluronique.","og_url":"https:\/\/www.medecinenutritionetdanse.com\/fr\/shop\/ligne-de-maquillage\/lip-balm-volumizzante-ph-reagent\/","og_site_name":"Medecine Nutrition et Danse","article_modified_time":"2022-08-04T16:30:54+00:00","og_image":[{"width":800,"height":800,"url":"https:\/\/www.medecinenutritionetdanse.com\/wp-content\/uploads\/2022\/01\/Lip-Balm-Volumizzante-PH-Reagent-2.jpg","type":"image\/jpeg"}],"twitter_card":"summary_large_image","twitter_misc":{"Dur\u00e9e de lecture estim\u00e9e":"1 minute"},"schema":{"@context":"https:\/\/schema.org","@graph":[{"@type":"WebPage","@id":"https:\/\/www.medecinenutritionetdanse.com\/fr\/shop\/ligne-de-maquillage\/lip-balm-volumizzante-ph-reagent\/","url":"https:\/\/www.medecinenutritionetdanse.com\/fr\/shop\/ligne-de-maquillage\/lip-balm-volumizzante-ph-reagent\/","name":"Lip Balm Volumizzante PH Reagent - Medecine Nutrition et Danse","isPartOf":{"@id":"https:\/\/www.medecinenutritionetdanse.com\/#website"},"primaryImageOfPage":{"@id":"https:\/\/www.medecinenutritionetdanse.com\/fr\/shop\/ligne-de-maquillage\/lip-balm-volumizzante-ph-reagent\/#primaryimage"},"image":{"@id":"https:\/\/www.medecinenutritionetdanse.com\/fr\/shop\/ligne-de-maquillage\/lip-balm-volumizzante-ph-reagent\/#primaryimage"},"thumbnailUrl":"https:\/\/www.medecinenutritionetdanse.com\/wp-content\/uploads\/2022\/01\/Lip-Balm-Volumizzante-PH-Reagent-2.jpg","datePublished":"2022-01-13T14:06:52+00:00","dateModified":"2022-08-04T16:30:54+00:00","breadcrumb":{"@id":"https:\/\/www.medecinenutritionetdanse.com\/fr\/shop\/ligne-de-maquillage\/lip-balm-volumizzante-ph-reagent\/#breadcrumb"},"inLanguage":"fr-FR","potentialAction":[{"@type":"ReadAction","target":["https:\/\/www.medecinenutritionetdanse.com\/fr\/shop\/ligne-de-maquillage\/lip-balm-volumizzante-ph-reagent\/"]}]},{"@type":"ImageObject","inLanguage":"fr-FR","@id":"https:\/\/www.medecinenutritionetdanse.com\/fr\/shop\/ligne-de-maquillage\/lip-balm-volumizzante-ph-reagent\/#primaryimage","url":"https:\/\/www.medecinenutritionetdanse.com\/wp-content\/uploads\/2022\/01\/Lip-Balm-Volumizzante-PH-Reagent-2.jpg","contentUrl":"https:\/\/www.medecinenutritionetdanse.com\/wp-content\/uploads\/2022\/01\/Lip-Balm-Volumizzante-PH-Reagent-2.jpg","width":800,"height":800},{"@type":"BreadcrumbList","@id":"https:\/\/www.medecinenutritionetdanse.com\/fr\/shop\/ligne-de-maquillage\/lip-balm-volumizzante-ph-reagent\/#breadcrumb","itemListElement":[{"@type":"ListItem","position":1,"name":"Home","item":"https:\/\/www.medecinenutritionetdanse.com\/fr\/"},{"@type":"ListItem","position":2,"name":"Boutique","item":"https:\/\/www.medecinenutritionetdanse.com\/fr\/shop\/"},{"@type":"ListItem","position":3,"name":"Lip Balm Volumizzante PH Reagent"}]},{"@type":"WebSite","@id":"https:\/\/www.medecinenutritionetdanse.com\/#website","url":"https:\/\/www.medecinenutritionetdanse.com\/","name":"Medecine Nutrition et Danse","description":"Dott.ssa Monica Caddeo","potentialAction":[{"@type":"SearchAction","target":{"@type":"EntryPoint","urlTemplate":"https:\/\/www.medecinenutritionetdanse.com\/?s={search_term_string}"},"query-input":{"@type":"PropertyValueSpecification","valueRequired":true,"valueName":"search_term_string"}}],"inLanguage":"fr-FR"}]}},"_links":{"self":[{"href":"https:\/\/www.medecinenutritionetdanse.com\/fr\/wp-json\/wp\/v2\/product\/1038","targetHints":{"allow":["GET"]}}],"collection":[{"href":"https:\/\/www.medecinenutritionetdanse.com\/fr\/wp-json\/wp\/v2\/product"}],"about":[{"href":"https:\/\/www.medecinenutritionetdanse.com\/fr\/wp-json\/wp\/v2\/types\/product"}],"wp:featuredmedia":[{"embeddable":true,"href":"https:\/\/www.medecinenutritionetdanse.com\/fr\/wp-json\/wp\/v2\/media\/7623"}],"wp:attachment":[{"href":"https:\/\/www.medecinenutritionetdanse.com\/fr\/wp-json\/wp\/v2\/media?parent=1038"}],"wp:term":[{"taxonomy":"product_brand","embeddable":true,"href":"https:\/\/www.medecinenutritionetdanse.com\/fr\/wp-json\/wp\/v2\/product_brand?post=1038"},{"taxonomy":"product_cat","embeddable":true,"href":"https:\/\/www.medecinenutritionetdanse.com\/fr\/wp-json\/wp\/v2\/product_cat?post=1038"},{"taxonomy":"product_tag","embeddable":true,"href":"https:\/\/www.medecinenutritionetdanse.com\/fr\/wp-json\/wp\/v2\/product_tag?post=1038"}],"curies":[{"name":"wp","href":"https:\/\/api.w.org\/{rel}","templated":true}]}}