{"id":1123,"date":"2022-01-07T18:55:01","date_gmt":"2022-01-14T08:25:53","guid":{"rendered":"https:\/\/www.medecinenutritionetdanse.com\/shop\/non%20class\u00e9\/programme-remise-en-forme\/"},"modified":"2022-07-12T09:01:25","modified_gmt":"2022-07-12T07:01:25","slug":"programme-remise-en-forme","status":"publish","type":"product","link":"https:\/\/www.medecinenutritionetdanse.com\/fr\/shop\/forfait-mensuel\/programme-remise-en-forme\/","title":{"rendered":"Programme REMISE EN FORME"},"content":{"rendered":"<p>Le programme se compose de 4 cours adultes diff\u00e9rents par semaine, ainsi que d&rsquo;\u00eatre accompagn\u00e9 de didacticiels vid\u00e9o pour apprendre et pratiquer les \u00e9tapes, les mouvements et les s\u00e9quences. <\/p>\n<p>Le programme convient aux d\u00e9butants adultes, aux danseurs de niveau interm\u00e9diaire, jusqu&rsquo;aux danseurs adultes plus comp\u00e9tents.<\/p>\n<p>Le programme Ballet Dance At Home pour adultes vous aidera \u00e0 :<\/p>\n<p> \u2022 augmenter la condition physique g\u00e9n\u00e9rale<br \/>\n \u2022 augmenter l&rsquo;estime de soi<br \/>\n \u2022 am\u00e9liorer le bien-\u00eatre mental<br \/>\n \u2022 am\u00e9liorer la flexibilit\u00e9<br \/>\n \u2022 gagner en coordination et am\u00e9liorer la posture<br \/>\n \u2022 am\u00e9liorer la musicalit\u00e9<\/p>\n<p>L&rsquo;abonnement comprend :<\/p>\n<p> \u2022 1 cours de stretching hebdomadaire (x4 par mois)<br \/>\n \u2022 1 cours hebdomadaire de danse classique (niveau 3-5) (x4 par mois)<br \/>\n \u2022 1 cours hebdomadaire de danse classique (niveau 5-6) (x4 par mois)<br \/>\n \u2022 1 cours hebdomadaire de fitness LIVE au bar (x4 par mois)<br \/>\n \u2022 Acc\u00e8s illimit\u00e9 aux enregistrements et rediffusion de tous les cours<\/p>\n<p>Id\u00e9al si vous \u00eates d\u00e9butant ou si vous avez besoin d\u2019une remise \u00e0 niveau sur un certain passage.<\/p>\n<p>Le plan de repas sera \u00e9labor\u00e9 en fonction de vos go\u00fbts alimentaires, en tenant compte de vos allergies, intol\u00e9rances et pathologies \u00e9ventuelles.<\/p>\n","protected":false},"excerpt":{"rendered":"<p>Emballage inclus:<\/p>\n<p>&#8211; Des conseils nutritionnels avec un plan de repas personnalis\u00e9<br \/>\nLe plan de repas sera \u00e9labor\u00e9 en fonction de vos go\u00fbts alimentaires, en tenant compte de vos allergies, intol\u00e9rances et pathologies \u00e9ventuelles.<\/p>\n<p>&#8211; Programme de formation de ballet en ligne (\u00e9galement id\u00e9al pour ceux qui n&rsquo;ont jamais fait de danse) au sein de l&rsquo;Acad\u00e9mie de ballet en ligne.<\/p>\n","protected":false},"featured_media":606,"template":"","meta":{"_et_pb_use_builder":"","_et_pb_old_content":"","_et_gb_content_width":""},"product_brand":[],"product_cat":[62],"product_tag":[],"class_list":{"0":"post-1123","1":"product","2":"type-product","3":"status-publish","4":"has-post-thumbnail","6":"product_cat-forfait-mensuel","8":"first","9":"instock","10":"virtual","11":"purchasable","12":"product-type-simple"},"yoast_head":"<!-- This site is optimized with the Yoast SEO plugin v27.3 - https:\/\/yoast.com\/product\/yoast-seo-wordpress\/ -->\n<title>Programme REMISE EN FORME - Medecine Nutrition et Danse<\/title>\n<meta name=\"robots\" content=\"index, follow, max-snippet:-1, max-image-preview:large, max-video-preview:-1\" \/>\n<link rel=\"canonical\" href=\"https:\/\/www.medecinenutritionetdanse.com\/fr\/shop\/forfait-mensuel\/programme-remise-en-forme\/\" \/>\n<meta property=\"og:locale\" content=\"fr_FR\" \/>\n<meta property=\"og:type\" content=\"article\" \/>\n<meta property=\"og:title\" content=\"Programme REMISE EN FORME - Medecine Nutrition et Danse\" \/>\n<meta property=\"og:description\" content=\"Emballage inclus: - Des conseils nutritionnels avec un plan de repas personnalis\u00e9 Le plan de repas sera \u00e9labor\u00e9 en fonction de vos go\u00fbts alimentaires, en tenant compte de vos allergies, intol\u00e9rances et pathologies \u00e9ventuelles. - Programme de formation de ballet en ligne (\u00e9galement id\u00e9al pour ceux qui n&#039;ont jamais fait de danse) au sein de l&#039;Acad\u00e9mie de ballet en ligne.\" \/>\n<meta property=\"og:url\" content=\"https:\/\/www.medecinenutritionetdanse.com\/fr\/shop\/forfait-mensuel\/programme-remise-en-forme\/\" \/>\n<meta property=\"og:site_name\" content=\"Medecine Nutrition et Danse\" \/>\n<meta property=\"article:modified_time\" content=\"2022-07-12T07:01:25+00:00\" \/>\n<meta property=\"og:image\" content=\"https:\/\/www.medecinenutritionetdanse.com\/wp-content\/uploads\/2022\/01\/programma-remise-en-forme.jpg\" \/>\n\t<meta property=\"og:image:width\" content=\"800\" \/>\n\t<meta property=\"og:image:height\" content=\"800\" \/>\n\t<meta property=\"og:image:type\" content=\"image\/jpeg\" \/>\n<meta name=\"twitter:card\" content=\"summary_large_image\" \/>\n<meta name=\"twitter:label1\" content=\"Dur\u00e9e de lecture estim\u00e9e\" \/>\n\t<meta name=\"twitter:data1\" content=\"1 minute\" \/>\n<script type=\"application\/ld+json\" class=\"yoast-schema-graph\">{\"@context\":\"https:\\\/\\\/schema.org\",\"@graph\":[{\"@type\":\"WebPage\",\"@id\":\"https:\\\/\\\/www.medecinenutritionetdanse.com\\\/fr\\\/shop\\\/forfait-mensuel\\\/programme-remise-en-forme\\\/\",\"url\":\"https:\\\/\\\/www.medecinenutritionetdanse.com\\\/fr\\\/shop\\\/forfait-mensuel\\\/programme-remise-en-forme\\\/\",\"name\":\"Programme REMISE EN FORME - Medecine Nutrition et Danse\",\"isPartOf\":{\"@id\":\"https:\\\/\\\/www.medecinenutritionetdanse.com\\\/#website\"},\"primaryImageOfPage\":{\"@id\":\"https:\\\/\\\/www.medecinenutritionetdanse.com\\\/fr\\\/shop\\\/forfait-mensuel\\\/programme-remise-en-forme\\\/#primaryimage\"},\"image\":{\"@id\":\"https:\\\/\\\/www.medecinenutritionetdanse.com\\\/fr\\\/shop\\\/forfait-mensuel\\\/programme-remise-en-forme\\\/#primaryimage\"},\"thumbnailUrl\":\"https:\\\/\\\/www.medecinenutritionetdanse.com\\\/wp-content\\\/uploads\\\/2022\\\/01\\\/programma-remise-en-forme.jpg\",\"datePublished\":\"2022-01-14T08:25:53+00:00\",\"dateModified\":\"2022-07-12T07:01:25+00:00\",\"breadcrumb\":{\"@id\":\"https:\\\/\\\/www.medecinenutritionetdanse.com\\\/fr\\\/shop\\\/forfait-mensuel\\\/programme-remise-en-forme\\\/#breadcrumb\"},\"inLanguage\":\"fr-FR\",\"potentialAction\":[{\"@type\":\"ReadAction\",\"target\":[\"https:\\\/\\\/www.medecinenutritionetdanse.com\\\/fr\\\/shop\\\/forfait-mensuel\\\/programme-remise-en-forme\\\/\"]}]},{\"@type\":\"ImageObject\",\"inLanguage\":\"fr-FR\",\"@id\":\"https:\\\/\\\/www.medecinenutritionetdanse.com\\\/fr\\\/shop\\\/forfait-mensuel\\\/programme-remise-en-forme\\\/#primaryimage\",\"url\":\"https:\\\/\\\/www.medecinenutritionetdanse.com\\\/wp-content\\\/uploads\\\/2022\\\/01\\\/programma-remise-en-forme.jpg\",\"contentUrl\":\"https:\\\/\\\/www.medecinenutritionetdanse.com\\\/wp-content\\\/uploads\\\/2022\\\/01\\\/programma-remise-en-forme.jpg\",\"width\":800,\"height\":800},{\"@type\":\"BreadcrumbList\",\"@id\":\"https:\\\/\\\/www.medecinenutritionetdanse.com\\\/fr\\\/shop\\\/forfait-mensuel\\\/programme-remise-en-forme\\\/#breadcrumb\",\"itemListElement\":[{\"@type\":\"ListItem\",\"position\":1,\"name\":\"Home\",\"item\":\"https:\\\/\\\/www.medecinenutritionetdanse.com\\\/fr\\\/\"},{\"@type\":\"ListItem\",\"position\":2,\"name\":\"Boutique\",\"item\":\"https:\\\/\\\/www.medecinenutritionetdanse.com\\\/fr\\\/shop\\\/\"},{\"@type\":\"ListItem\",\"position\":3,\"name\":\"Programme REMISE EN FORME\"}]},{\"@type\":\"WebSite\",\"@id\":\"https:\\\/\\\/www.medecinenutritionetdanse.com\\\/#website\",\"url\":\"https:\\\/\\\/www.medecinenutritionetdanse.com\\\/\",\"name\":\"Medecine Nutrition et Danse\",\"description\":\"Dott.ssa Monica Caddeo\",\"potentialAction\":[{\"@type\":\"SearchAction\",\"target\":{\"@type\":\"EntryPoint\",\"urlTemplate\":\"https:\\\/\\\/www.medecinenutritionetdanse.com\\\/?s={search_term_string}\"},\"query-input\":{\"@type\":\"PropertyValueSpecification\",\"valueRequired\":true,\"valueName\":\"search_term_string\"}}],\"inLanguage\":\"fr-FR\"}]}<\/script>\n<!-- \/ Yoast SEO plugin. -->","yoast_head_json":{"title":"Programme REMISE EN FORME - Medecine Nutrition et Danse","robots":{"index":"index","follow":"follow","max-snippet":"max-snippet:-1","max-image-preview":"max-image-preview:large","max-video-preview":"max-video-preview:-1"},"canonical":"https:\/\/www.medecinenutritionetdanse.com\/fr\/shop\/forfait-mensuel\/programme-remise-en-forme\/","og_locale":"fr_FR","og_type":"article","og_title":"Programme REMISE EN FORME - Medecine Nutrition et Danse","og_description":"Emballage inclus: - Des conseils nutritionnels avec un plan de repas personnalis\u00e9 Le plan de repas sera \u00e9labor\u00e9 en fonction de vos go\u00fbts alimentaires, en tenant compte de vos allergies, intol\u00e9rances et pathologies \u00e9ventuelles. - Programme de formation de ballet en ligne (\u00e9galement id\u00e9al pour ceux qui n'ont jamais fait de danse) au sein de l'Acad\u00e9mie de ballet en ligne.","og_url":"https:\/\/www.medecinenutritionetdanse.com\/fr\/shop\/forfait-mensuel\/programme-remise-en-forme\/","og_site_name":"Medecine Nutrition et Danse","article_modified_time":"2022-07-12T07:01:25+00:00","og_image":[{"width":800,"height":800,"url":"https:\/\/www.medecinenutritionetdanse.com\/wp-content\/uploads\/2022\/01\/programma-remise-en-forme.jpg","type":"image\/jpeg"}],"twitter_card":"summary_large_image","twitter_misc":{"Dur\u00e9e de lecture estim\u00e9e":"1 minute"},"schema":{"@context":"https:\/\/schema.org","@graph":[{"@type":"WebPage","@id":"https:\/\/www.medecinenutritionetdanse.com\/fr\/shop\/forfait-mensuel\/programme-remise-en-forme\/","url":"https:\/\/www.medecinenutritionetdanse.com\/fr\/shop\/forfait-mensuel\/programme-remise-en-forme\/","name":"Programme REMISE EN FORME - Medecine Nutrition et Danse","isPartOf":{"@id":"https:\/\/www.medecinenutritionetdanse.com\/#website"},"primaryImageOfPage":{"@id":"https:\/\/www.medecinenutritionetdanse.com\/fr\/shop\/forfait-mensuel\/programme-remise-en-forme\/#primaryimage"},"image":{"@id":"https:\/\/www.medecinenutritionetdanse.com\/fr\/shop\/forfait-mensuel\/programme-remise-en-forme\/#primaryimage"},"thumbnailUrl":"https:\/\/www.medecinenutritionetdanse.com\/wp-content\/uploads\/2022\/01\/programma-remise-en-forme.jpg","datePublished":"2022-01-14T08:25:53+00:00","dateModified":"2022-07-12T07:01:25+00:00","breadcrumb":{"@id":"https:\/\/www.medecinenutritionetdanse.com\/fr\/shop\/forfait-mensuel\/programme-remise-en-forme\/#breadcrumb"},"inLanguage":"fr-FR","potentialAction":[{"@type":"ReadAction","target":["https:\/\/www.medecinenutritionetdanse.com\/fr\/shop\/forfait-mensuel\/programme-remise-en-forme\/"]}]},{"@type":"ImageObject","inLanguage":"fr-FR","@id":"https:\/\/www.medecinenutritionetdanse.com\/fr\/shop\/forfait-mensuel\/programme-remise-en-forme\/#primaryimage","url":"https:\/\/www.medecinenutritionetdanse.com\/wp-content\/uploads\/2022\/01\/programma-remise-en-forme.jpg","contentUrl":"https:\/\/www.medecinenutritionetdanse.com\/wp-content\/uploads\/2022\/01\/programma-remise-en-forme.jpg","width":800,"height":800},{"@type":"BreadcrumbList","@id":"https:\/\/www.medecinenutritionetdanse.com\/fr\/shop\/forfait-mensuel\/programme-remise-en-forme\/#breadcrumb","itemListElement":[{"@type":"ListItem","position":1,"name":"Home","item":"https:\/\/www.medecinenutritionetdanse.com\/fr\/"},{"@type":"ListItem","position":2,"name":"Boutique","item":"https:\/\/www.medecinenutritionetdanse.com\/fr\/shop\/"},{"@type":"ListItem","position":3,"name":"Programme REMISE EN FORME"}]},{"@type":"WebSite","@id":"https:\/\/www.medecinenutritionetdanse.com\/#website","url":"https:\/\/www.medecinenutritionetdanse.com\/","name":"Medecine Nutrition et Danse","description":"Dott.ssa Monica Caddeo","potentialAction":[{"@type":"SearchAction","target":{"@type":"EntryPoint","urlTemplate":"https:\/\/www.medecinenutritionetdanse.com\/?s={search_term_string}"},"query-input":{"@type":"PropertyValueSpecification","valueRequired":true,"valueName":"search_term_string"}}],"inLanguage":"fr-FR"}]}},"_links":{"self":[{"href":"https:\/\/www.medecinenutritionetdanse.com\/fr\/wp-json\/wp\/v2\/product\/1123","targetHints":{"allow":["GET"]}}],"collection":[{"href":"https:\/\/www.medecinenutritionetdanse.com\/fr\/wp-json\/wp\/v2\/product"}],"about":[{"href":"https:\/\/www.medecinenutritionetdanse.com\/fr\/wp-json\/wp\/v2\/types\/product"}],"wp:featuredmedia":[{"embeddable":true,"href":"https:\/\/www.medecinenutritionetdanse.com\/fr\/wp-json\/wp\/v2\/media\/606"}],"wp:attachment":[{"href":"https:\/\/www.medecinenutritionetdanse.com\/fr\/wp-json\/wp\/v2\/media?parent=1123"}],"wp:term":[{"taxonomy":"product_brand","embeddable":true,"href":"https:\/\/www.medecinenutritionetdanse.com\/fr\/wp-json\/wp\/v2\/product_brand?post=1123"},{"taxonomy":"product_cat","embeddable":true,"href":"https:\/\/www.medecinenutritionetdanse.com\/fr\/wp-json\/wp\/v2\/product_cat?post=1123"},{"taxonomy":"product_tag","embeddable":true,"href":"https:\/\/www.medecinenutritionetdanse.com\/fr\/wp-json\/wp\/v2\/product_tag?post=1123"}],"curies":[{"name":"wp","href":"https:\/\/api.w.org\/{rel}","templated":true}]}}