{"id":1128,"date":"2022-01-05T18:18:43","date_gmt":"2022-01-14T08:52:58","guid":{"rendered":"https:\/\/www.medecinenutritionetdanse.com\/shop\/non%20class\u00e9\/barres-nutritionnelles-substitut-de-repas-50-gr\/"},"modified":"2022-02-28T09:01:33","modified_gmt":"2022-02-28T08:01:33","slug":"barres-nutritionnelles-substitut-de-repas-50-gr","status":"publish","type":"product","link":"https:\/\/www.medecinenutritionetdanse.com\/fr\/shop\/ligne-minceur-localisee\/barres-nutritionnelles-substitut-de-repas-50-gr\/","title":{"rendered":"BARRES Nutritionnelles Substitut de Repas 50 gr"},"content":{"rendered":"<p>Les barres M\u00e9decine Nutrition et Danse remplacent un repas complet et sont parfaites \u00e0 emporter m\u00eame lorsque vous \u00eates loin de chez vous, fournissant une valeur calorique \u00e9quilibr\u00e9e et assurant la bonne quantit\u00e9 de glucides, lipides et prot\u00e9ines. Remplacer 1 \u00e0 2 repas par jour par des barres favorise la perte de poids ou le maintien du poids souhait\u00e9.<\/p>\n<p>Choisissez parmi quatre variantes savoureuses!<\/p>\n<p>&#8211; Chocolat noir avec morceaux de chocolat entier : 239kcal par barre<\/p>\n<p><strong>BARRE PROT\u00c9INE GOT CHOCOLAT NOIR 50 gr<\/strong><\/p>\n<p>Ingr\u00e9dients: chocolat noir (saccharose, beurre de cacao, l\u00e9cithine de soja, extrait naturel de vanille) &#8211; (53%), m\u00e9lange de prot\u00e9ines (lactos\u00e9rum prot\u00e9ine, cas\u00e9inate de calcium) &#8211; (36%), chips de riz (farine de riz, saccharose, sirop de glucose, poudre de cacao, extrait de malt d&rsquo;orge (gluten) \u00e9mulsifiant (l\u00e9cithine de soja), sel (10%), huile d&rsquo;arachide.<\/p>\n<p>Le chocolat noir est le roi incontest\u00e9 de la p\u00e2tisserie, avec une saveur unique, forte et d\u00e9cisive. La qualit\u00e9 extra fonc\u00e9e est la plus pr\u00e9cieuse et la moins calorique\u2026 et c&rsquo;est g\u00e9nial! En effet, ce chocolat est riche en polyph\u00e9nols antioxydants et prot\u00e8ge l&rsquo;organisme des maladies cardiom\u00e9taboliques, comme le diab\u00e8te de type 2. Il est \u00e9galement capable de pr\u00e9venir l&rsquo;hypertension, la d\u00e9pression et l&rsquo;insomnie.<\/p>\n<p>&#8211; Chocolat &#8211; saveur noix de coco avec des flocons de noix de coco frais: 239kcal par barre<\/p>\n<p><strong>BARRE DE PROT\u00c9INES DE COCO 50 gr<\/strong><\/p>\n<p>Ingr\u00e9dients: Chocolat au lait (saccharose, beurre de cacao, poudre de lait entier, l\u00e9cithine de soja, extrait naturel de vanille) &#8211; ( 53%), m\u00e9lange de prot\u00e9ines (prot\u00e9ine de lactos\u00e9rum, cas\u00e9inate de calcium) &#8211; (36%), chips de riz (farine de riz, saccharose, sirop de glucose, poudre de cacao, extrait de malt d&rsquo;orge (gluten) \u00e9mulsifiant (l\u00e9cithine de soja), sel (10%), flocons de noix de coco (4% ), huile d&rsquo;arachide.<\/p>\n<p>La noix de coco est un fruit exotique d\u00e9licieux et frais, une source de min\u00e9raux tels que le potassium, le phosphore, le sodium, le calcium, le magn\u00e9sium et le fer et de vitamines telles que la vitamine C, la vitamine E et la vitamine B3. Il soutient le syst\u00e8me immunitaire : en effet, il agit comme antiviral et antibact\u00e9rien et contribue au bon fonctionnement du syst\u00e8me digestif, car il am\u00e9liore la digestion et l&rsquo;absorption des nutriments. De plus, il soulage le stress et la fatigue, r\u00e9duit les sympt\u00f4mes de fatigue et donne au corps la bonne charge, am\u00e9liorant \u00e9galement les performances sportives.<\/p>\n<p>&#8211; Chocolat &#8211; saveur noisette avec des morceaux de noisettes enti\u00e8res : 246kcal par barre<\/p>\n<p><strong>BARRE PROT\u00c9IN\u00c9E NOISETTE 50 gr<\/strong><\/p>\n<p>Ingr\u00e9dients: Chocolat au lait (saccharose, beurre de cacao, poudre de lait entier , l\u00e9cithine de soja , extrait naturel de vanille) &#8211; (53%), m\u00e9lange de prot\u00e9ines (prot\u00e9ine de lactos\u00e9rum, cas\u00e9inate de calcium) &#8211; (36%), chips de riz (farine de riz, saccharose, sirop de glucose, poudre de cacao, extrait de malt d&rsquo;orge (gluten) \u00e9mulsifiant (l\u00e9cithine de soja), sel (10 %), noisettes grill\u00e9es en morceaux (4 %), huile d&rsquo;arachide.<\/p>\n<p>La noisette est un petit fruit mais tr\u00e8s riche en bienfaits. En effet, il contient de la vitamine E, qui prot\u00e8ge notre peau des rayons ultraviolets et du vieillissement pr\u00e9matur\u00e9, un effet \u00e9galement renforc\u00e9 par la quantit\u00e9 \u00e9lev\u00e9e de mangan\u00e8se, un puissant antioxydant, pr\u00e9sent dans le fruit. Ce fruit contient \u00e9galement du fer, du magn\u00e9sium, du calcium et des vitamines B, notamment de l&rsquo;acide folique. Enfin, la noisette contient des phytost\u00e9rols, substances utiles pour la pr\u00e9vention des maladies cardiovasculaires ainsi que des bons gras, connus pour pouvoir faire baisser le taux de mauvais cholest\u00e9rol.<\/p>\n<p>&#8211; Chocolat blanc &#8211; saveur fraise, avec des flocons fraise fra\u00eeche: 243 kcal par barre<\/p>\n<p><strong>BARRE PROT\u00c9IN\u00c9E SAVEUR FRAISE 50 gr <\/strong><\/p>\n<p>Ingr\u00e9dients: chocolat blanc (saccharose, beurre de cacao, lait entier en poudre, extrait naturel de vanille) &#8211; (53%), m\u00e9lange de prot\u00e9ines ( prot\u00e9ine de lactos\u00e9rum, cas\u00e9inate de calcium) &#8211; (36%), chips de riz (farine de riz, saccharose, sirop de glucose, poudre de cacao, extrait de malt d&rsquo;orge (gluten) \u00e9mulsifiant (l\u00e9cithine de soja), sel (10%), fraises hach\u00e9es 4% (fraises , sucre, conservateurs : acide citrique, dioxyde de soufre (r\u00e9sidus), colorant : E129), huile d&rsquo;arachide.<\/p>\n<p>Les fraises activent le m\u00e9tabolisme, prot\u00e8gent les dents. Ces fruits contiennent de nombreux \u00e9l\u00e9ments nutritionnels : une quantit\u00e9 importante d&rsquo;acides organiques et de flavono\u00efdes antioxydants, de calcium et de magn\u00e9sium et de potassium. La teneur en vitamine C des fraises favorise la production de collag\u00e8ne, une prot\u00e9ine qui pr\u00e9vient les rides et renforce les capillaires, r\u00e9duisant la r\u00e9tention d&rsquo;eau et cellulite et cette action anti-r\u00e9tention est renforc\u00e9e par le potassium.<\/p>\n<p>32% de prot\u00e9ines de lactos\u00e9rum avec une valeur biologique \u00e9gale \u00e0 100%. La valeur biologique repr\u00e9sente la quantit\u00e9 effectivement absorb\u00e9e et utilis\u00e9e nette des pertes liquides et solides. Une prot\u00e9ine qui a un \u00e9quilibre parfait entre les acides amin\u00e9s absorb\u00e9s et les acides amin\u00e9s retenus a une valeur biologique de 100. Les prot\u00e9ines de r\u00e9f\u00e9rence sont celles de l&rsquo;\u0153uf et du lactos\u00e9rum qui ont une VB \u00e9gale \u00e0 100% (ex. Pour 1 gramme de prot\u00e9ine ing\u00e9r\u00e9e, l&rsquo;organisme absorbe 1 gramme).<\/p>\n","protected":false},"excerpt":{"rendered":"<p><img loading=\"lazy\" decoding=\"async\" class=\"alignnone size-full wp-image-22\" src=\"https:\/\/www.medecinenutritionetdanse.com\/wp-content\/uploads\/2022\/01\/bio.png\" alt=\"\" width=\"150\" height=\"53\"><\/p>\n<p>Choisissez entre les quatre variations savoureuses: fraise, chocolat noir, noisette et noix de coco!<\/p>\n","protected":false},"featured_media":571,"template":"","meta":{"_et_pb_use_builder":"","_et_pb_old_content":"","_et_gb_content_width":""},"product_brand":[],"product_cat":[56],"product_tag":[54],"class_list":{"0":"post-1128","1":"product","2":"type-product","3":"status-publish","4":"has-post-thumbnail","6":"product_cat-ligne-minceur-localisee","7":"product_tag-soin-du-corps","9":"first","10":"instock","11":"shipping-taxable","12":"purchasable","13":"product-type-variable"},"yoast_head":"<!-- This site is optimized with the Yoast SEO plugin v27.3 - https:\/\/yoast.com\/product\/yoast-seo-wordpress\/ -->\n<title>BARRES Nutritionnelles Substitut de Repas 50 gr - Medecine Nutrition et Danse<\/title>\n<meta name=\"robots\" content=\"index, follow, max-snippet:-1, max-image-preview:large, max-video-preview:-1\" \/>\n<link rel=\"canonical\" href=\"https:\/\/www.medecinenutritionetdanse.com\/fr\/shop\/ligne-minceur-localisee\/barres-nutritionnelles-substitut-de-repas-50-gr\/\" \/>\n<meta property=\"og:locale\" content=\"fr_FR\" \/>\n<meta property=\"og:type\" content=\"article\" \/>\n<meta property=\"og:title\" content=\"BARRES Nutritionnelles Substitut de Repas 50 gr - Medecine Nutrition et Danse\" \/>\n<meta property=\"og:description\" content=\"Choisissez entre les quatre variations savoureuses: fraise, chocolat noir, noisette et noix de coco!\" \/>\n<meta property=\"og:url\" content=\"https:\/\/www.medecinenutritionetdanse.com\/fr\/shop\/ligne-minceur-localisee\/barres-nutritionnelles-substitut-de-repas-50-gr\/\" \/>\n<meta property=\"og:site_name\" content=\"Medecine Nutrition et Danse\" \/>\n<meta property=\"article:modified_time\" content=\"2022-02-28T08:01:33+00:00\" \/>\n<meta property=\"og:image\" content=\"https:\/\/www.medecinenutritionetdanse.com\/wp-content\/uploads\/2022\/01\/1-BARRETTE-Nutrizionali-Sostitutive-Pasto-50-gr-linea-dimagrimento-localizzato.jpg\" \/>\n\t<meta property=\"og:image:width\" content=\"800\" \/>\n\t<meta property=\"og:image:height\" content=\"800\" \/>\n\t<meta property=\"og:image:type\" content=\"image\/jpeg\" \/>\n<meta name=\"twitter:card\" content=\"summary_large_image\" \/>\n<meta name=\"twitter:label1\" content=\"Dur\u00e9e de lecture estim\u00e9e\" \/>\n\t<meta name=\"twitter:data1\" content=\"4 minutes\" \/>\n<script type=\"application\/ld+json\" class=\"yoast-schema-graph\">{\"@context\":\"https:\\\/\\\/schema.org\",\"@graph\":[{\"@type\":\"WebPage\",\"@id\":\"https:\\\/\\\/www.medecinenutritionetdanse.com\\\/fr\\\/shop\\\/ligne-minceur-localisee\\\/barres-nutritionnelles-substitut-de-repas-50-gr\\\/\",\"url\":\"https:\\\/\\\/www.medecinenutritionetdanse.com\\\/fr\\\/shop\\\/ligne-minceur-localisee\\\/barres-nutritionnelles-substitut-de-repas-50-gr\\\/\",\"name\":\"BARRES Nutritionnelles Substitut de Repas 50 gr - Medecine Nutrition et Danse\",\"isPartOf\":{\"@id\":\"https:\\\/\\\/www.medecinenutritionetdanse.com\\\/#website\"},\"primaryImageOfPage\":{\"@id\":\"https:\\\/\\\/www.medecinenutritionetdanse.com\\\/fr\\\/shop\\\/ligne-minceur-localisee\\\/barres-nutritionnelles-substitut-de-repas-50-gr\\\/#primaryimage\"},\"image\":{\"@id\":\"https:\\\/\\\/www.medecinenutritionetdanse.com\\\/fr\\\/shop\\\/ligne-minceur-localisee\\\/barres-nutritionnelles-substitut-de-repas-50-gr\\\/#primaryimage\"},\"thumbnailUrl\":\"https:\\\/\\\/www.medecinenutritionetdanse.com\\\/wp-content\\\/uploads\\\/2022\\\/01\\\/1-BARRETTE-Nutrizionali-Sostitutive-Pasto-50-gr-linea-dimagrimento-localizzato.jpg\",\"datePublished\":\"2022-01-14T08:52:58+00:00\",\"dateModified\":\"2022-02-28T08:01:33+00:00\",\"breadcrumb\":{\"@id\":\"https:\\\/\\\/www.medecinenutritionetdanse.com\\\/fr\\\/shop\\\/ligne-minceur-localisee\\\/barres-nutritionnelles-substitut-de-repas-50-gr\\\/#breadcrumb\"},\"inLanguage\":\"fr-FR\",\"potentialAction\":[{\"@type\":\"ReadAction\",\"target\":[\"https:\\\/\\\/www.medecinenutritionetdanse.com\\\/fr\\\/shop\\\/ligne-minceur-localisee\\\/barres-nutritionnelles-substitut-de-repas-50-gr\\\/\"]}]},{\"@type\":\"ImageObject\",\"inLanguage\":\"fr-FR\",\"@id\":\"https:\\\/\\\/www.medecinenutritionetdanse.com\\\/fr\\\/shop\\\/ligne-minceur-localisee\\\/barres-nutritionnelles-substitut-de-repas-50-gr\\\/#primaryimage\",\"url\":\"https:\\\/\\\/www.medecinenutritionetdanse.com\\\/wp-content\\\/uploads\\\/2022\\\/01\\\/1-BARRETTE-Nutrizionali-Sostitutive-Pasto-50-gr-linea-dimagrimento-localizzato.jpg\",\"contentUrl\":\"https:\\\/\\\/www.medecinenutritionetdanse.com\\\/wp-content\\\/uploads\\\/2022\\\/01\\\/1-BARRETTE-Nutrizionali-Sostitutive-Pasto-50-gr-linea-dimagrimento-localizzato.jpg\",\"width\":800,\"height\":800,\"caption\":\"BARRES Nutritionnelles Substitut de Repas 50 gr\"},{\"@type\":\"BreadcrumbList\",\"@id\":\"https:\\\/\\\/www.medecinenutritionetdanse.com\\\/fr\\\/shop\\\/ligne-minceur-localisee\\\/barres-nutritionnelles-substitut-de-repas-50-gr\\\/#breadcrumb\",\"itemListElement\":[{\"@type\":\"ListItem\",\"position\":1,\"name\":\"Home\",\"item\":\"https:\\\/\\\/www.medecinenutritionetdanse.com\\\/fr\\\/\"},{\"@type\":\"ListItem\",\"position\":2,\"name\":\"Boutique\",\"item\":\"https:\\\/\\\/www.medecinenutritionetdanse.com\\\/fr\\\/shop\\\/\"},{\"@type\":\"ListItem\",\"position\":3,\"name\":\"BARRES Nutritionnelles Substitut de Repas 50 gr\"}]},{\"@type\":\"WebSite\",\"@id\":\"https:\\\/\\\/www.medecinenutritionetdanse.com\\\/#website\",\"url\":\"https:\\\/\\\/www.medecinenutritionetdanse.com\\\/\",\"name\":\"Medecine Nutrition et Danse\",\"description\":\"Dott.ssa Monica Caddeo\",\"potentialAction\":[{\"@type\":\"SearchAction\",\"target\":{\"@type\":\"EntryPoint\",\"urlTemplate\":\"https:\\\/\\\/www.medecinenutritionetdanse.com\\\/?s={search_term_string}\"},\"query-input\":{\"@type\":\"PropertyValueSpecification\",\"valueRequired\":true,\"valueName\":\"search_term_string\"}}],\"inLanguage\":\"fr-FR\"}]}<\/script>\n<!-- \/ Yoast SEO plugin. -->","yoast_head_json":{"title":"BARRES Nutritionnelles Substitut de Repas 50 gr - Medecine Nutrition et Danse","robots":{"index":"index","follow":"follow","max-snippet":"max-snippet:-1","max-image-preview":"max-image-preview:large","max-video-preview":"max-video-preview:-1"},"canonical":"https:\/\/www.medecinenutritionetdanse.com\/fr\/shop\/ligne-minceur-localisee\/barres-nutritionnelles-substitut-de-repas-50-gr\/","og_locale":"fr_FR","og_type":"article","og_title":"BARRES Nutritionnelles Substitut de Repas 50 gr - Medecine Nutrition et Danse","og_description":"Choisissez entre les quatre variations savoureuses: fraise, chocolat noir, noisette et noix de coco!","og_url":"https:\/\/www.medecinenutritionetdanse.com\/fr\/shop\/ligne-minceur-localisee\/barres-nutritionnelles-substitut-de-repas-50-gr\/","og_site_name":"Medecine Nutrition et Danse","article_modified_time":"2022-02-28T08:01:33+00:00","og_image":[{"width":800,"height":800,"url":"https:\/\/www.medecinenutritionetdanse.com\/wp-content\/uploads\/2022\/01\/1-BARRETTE-Nutrizionali-Sostitutive-Pasto-50-gr-linea-dimagrimento-localizzato.jpg","type":"image\/jpeg"}],"twitter_card":"summary_large_image","twitter_misc":{"Dur\u00e9e de lecture estim\u00e9e":"4 minutes"},"schema":{"@context":"https:\/\/schema.org","@graph":[{"@type":"WebPage","@id":"https:\/\/www.medecinenutritionetdanse.com\/fr\/shop\/ligne-minceur-localisee\/barres-nutritionnelles-substitut-de-repas-50-gr\/","url":"https:\/\/www.medecinenutritionetdanse.com\/fr\/shop\/ligne-minceur-localisee\/barres-nutritionnelles-substitut-de-repas-50-gr\/","name":"BARRES Nutritionnelles Substitut de Repas 50 gr - Medecine Nutrition et Danse","isPartOf":{"@id":"https:\/\/www.medecinenutritionetdanse.com\/#website"},"primaryImageOfPage":{"@id":"https:\/\/www.medecinenutritionetdanse.com\/fr\/shop\/ligne-minceur-localisee\/barres-nutritionnelles-substitut-de-repas-50-gr\/#primaryimage"},"image":{"@id":"https:\/\/www.medecinenutritionetdanse.com\/fr\/shop\/ligne-minceur-localisee\/barres-nutritionnelles-substitut-de-repas-50-gr\/#primaryimage"},"thumbnailUrl":"https:\/\/www.medecinenutritionetdanse.com\/wp-content\/uploads\/2022\/01\/1-BARRETTE-Nutrizionali-Sostitutive-Pasto-50-gr-linea-dimagrimento-localizzato.jpg","datePublished":"2022-01-14T08:52:58+00:00","dateModified":"2022-02-28T08:01:33+00:00","breadcrumb":{"@id":"https:\/\/www.medecinenutritionetdanse.com\/fr\/shop\/ligne-minceur-localisee\/barres-nutritionnelles-substitut-de-repas-50-gr\/#breadcrumb"},"inLanguage":"fr-FR","potentialAction":[{"@type":"ReadAction","target":["https:\/\/www.medecinenutritionetdanse.com\/fr\/shop\/ligne-minceur-localisee\/barres-nutritionnelles-substitut-de-repas-50-gr\/"]}]},{"@type":"ImageObject","inLanguage":"fr-FR","@id":"https:\/\/www.medecinenutritionetdanse.com\/fr\/shop\/ligne-minceur-localisee\/barres-nutritionnelles-substitut-de-repas-50-gr\/#primaryimage","url":"https:\/\/www.medecinenutritionetdanse.com\/wp-content\/uploads\/2022\/01\/1-BARRETTE-Nutrizionali-Sostitutive-Pasto-50-gr-linea-dimagrimento-localizzato.jpg","contentUrl":"https:\/\/www.medecinenutritionetdanse.com\/wp-content\/uploads\/2022\/01\/1-BARRETTE-Nutrizionali-Sostitutive-Pasto-50-gr-linea-dimagrimento-localizzato.jpg","width":800,"height":800,"caption":"BARRES Nutritionnelles Substitut de Repas 50 gr"},{"@type":"BreadcrumbList","@id":"https:\/\/www.medecinenutritionetdanse.com\/fr\/shop\/ligne-minceur-localisee\/barres-nutritionnelles-substitut-de-repas-50-gr\/#breadcrumb","itemListElement":[{"@type":"ListItem","position":1,"name":"Home","item":"https:\/\/www.medecinenutritionetdanse.com\/fr\/"},{"@type":"ListItem","position":2,"name":"Boutique","item":"https:\/\/www.medecinenutritionetdanse.com\/fr\/shop\/"},{"@type":"ListItem","position":3,"name":"BARRES Nutritionnelles Substitut de Repas 50 gr"}]},{"@type":"WebSite","@id":"https:\/\/www.medecinenutritionetdanse.com\/#website","url":"https:\/\/www.medecinenutritionetdanse.com\/","name":"Medecine Nutrition et Danse","description":"Dott.ssa Monica Caddeo","potentialAction":[{"@type":"SearchAction","target":{"@type":"EntryPoint","urlTemplate":"https:\/\/www.medecinenutritionetdanse.com\/?s={search_term_string}"},"query-input":{"@type":"PropertyValueSpecification","valueRequired":true,"valueName":"search_term_string"}}],"inLanguage":"fr-FR"}]}},"_links":{"self":[{"href":"https:\/\/www.medecinenutritionetdanse.com\/fr\/wp-json\/wp\/v2\/product\/1128","targetHints":{"allow":["GET"]}}],"collection":[{"href":"https:\/\/www.medecinenutritionetdanse.com\/fr\/wp-json\/wp\/v2\/product"}],"about":[{"href":"https:\/\/www.medecinenutritionetdanse.com\/fr\/wp-json\/wp\/v2\/types\/product"}],"wp:featuredmedia":[{"embeddable":true,"href":"https:\/\/www.medecinenutritionetdanse.com\/fr\/wp-json\/wp\/v2\/media\/571"}],"wp:attachment":[{"href":"https:\/\/www.medecinenutritionetdanse.com\/fr\/wp-json\/wp\/v2\/media?parent=1128"}],"wp:term":[{"taxonomy":"product_brand","embeddable":true,"href":"https:\/\/www.medecinenutritionetdanse.com\/fr\/wp-json\/wp\/v2\/product_brand?post=1128"},{"taxonomy":"product_cat","embeddable":true,"href":"https:\/\/www.medecinenutritionetdanse.com\/fr\/wp-json\/wp\/v2\/product_cat?post=1128"},{"taxonomy":"product_tag","embeddable":true,"href":"https:\/\/www.medecinenutritionetdanse.com\/fr\/wp-json\/wp\/v2\/product_tag?post=1128"}],"curies":[{"name":"wp","href":"https:\/\/api.w.org\/{rel}","templated":true}]}}