{"id":936,"date":"2022-01-10T15:06:28","date_gmt":"2022-01-13T08:18:50","guid":{"rendered":"https:\/\/www.medecinenutritionetdanse.com\/shop\/non%20class\u00e9\/kit-remise-en-forme\/"},"modified":"2022-01-14T11:39:43","modified_gmt":"2022-01-14T10:39:43","slug":"kit-remise-en-forme","status":"publish","type":"product","link":"https:\/\/www.medecinenutritionetdanse.com\/fr\/shop\/ligne-corps-et-cheveux\/kit-remise-en-forme\/","title":{"rendered":"Kit Remise en Forme"},"content":{"rendered":"<p><strong>Mode d&#8217;emploi:<\/strong><\/p>\n<p>1 : Effectuez un gommage total du corps avant de prendre une douche quotidienne. \u00c0 l&rsquo;int\u00e9rieur du gommage, il y a : sel de l&rsquo;Himalaya, sel de mer, huile de bergamote, huile de menthe. L&rsquo;action exfoliante favorise la p\u00e9n\u00e9tration des principes actifs en diminuant la couche cutan\u00e9e endommag\u00e9e par le soleil.<\/p>\n<p>2 : Appliquez quelques gouttes de pure synergie avec la Phosphatidylcholine dans les zones les plus critiques, elle aidera \u00e0 dissoudre et \u00e0 remodeler les adiposit\u00e9s les plus persistantes et difficiles. Masser vigoureusement jusqu&rsquo;\u00e0 absorption compl\u00e8te de la synergie.<\/p>\n<p>3 : Uniquement pour la premi\u00e8re application, appliquez les trois bandages, en partant des chevilles jusqu&rsquo;\u00e0 la taille. La fonction du pansement va avoir un effet choc sur votre corps en brisant les liens d&rsquo;adiposit\u00e9 et en drainant. Mettez le grenouill\u00e8re et maintenez pendant au moins 20 minutes.<\/p>\n<p>4 : Appliquer la cr\u00e8me Triphasic sur toute la zone trait\u00e9e. masser jusqu&rsquo;\u00e0 absorption compl\u00e8te.<\/p>\n<p><strong>Composition du Kit :<\/strong><\/p>\n<p>1 Gommage Exfoliant Corps 250 ml<\/p>\n<p>1 Synergie Phosphatidylcholine Pure 50 ml<\/p>\n<p>3 Enveloppements Drainants 100 ml<\/p>\n<p>1 Cr\u00e8me Triphasique Corps 250 ml<\/p>\n<p>1 pantalon jetable Cartene<\/p>\n<p><strong>Produit actif :<\/strong><\/p>\n<p>Gommage Exfoliant : Sel de l&rsquo;Himalaya, Sel Marin, Huile de Bergamote, Huile de Menthe.<\/p>\n<p>Synergie Phosphatidylcholine : Phosphatidylcholine Pure<\/p>\n<p>Pansement drainant : Centella, Gin-Seng, Guarana<\/p>\n<p>Cr\u00e8me pour le corps triphasique : Phosphatidylcholine, Sel de la Mer Morte, Regu-Slim<\/p>\n<p>La cellulite et les imperfections cutan\u00e9es sont des processus caus\u00e9s par des dysfonctionnements de la microcirculation, qui entra\u00eenent une alt\u00e9ration du m\u00e9tabolisme du tissu conjonctif et une alt\u00e9ration de la perm\u00e9abilit\u00e9 vasculaire. Le tissu conjonctif peut \u00eatre fragilis\u00e9 par un exercice physique insuffisant et donc par le manque de tonus musculaire, l&rsquo;exc\u00e8s de graisse et une mauvaise circulation. Ce que l&rsquo;on peut donc affirmer avec certitude, c&rsquo;est que le probl\u00e8me n&rsquo;est pas li\u00e9 \u00e0 la pr\u00e9sence de toxines dans notre corps.<\/p>\n<p>Le Kit Remise en forme r\u00e9sout les probl\u00e8mes esth\u00e9tiques en peu de temps, s&rsquo;il est associ\u00e9 \u00e0 une bonne nutrition et \u00e0 une activit\u00e9 sportive.<\/p>\n","protected":false},"excerpt":{"rendered":"<p><img loading=\"lazy\" decoding=\"async\" class=\"alignnone size-full wp-image-22\" src=\"https:\/\/www.medecinenutritionetdanse.com\/wp-content\/uploads\/2022\/01\/bio.png\" alt=\"\" width=\"150\" height=\"53\"><\/p>\n<p>Trois actions en sept jours et vous remarquerez que votre peau et votre silhouette sont compl\u00e8tement transform\u00e9es. L&rsquo;action synergique des principes actifs pr\u00e9sents dans tous les produits permet de remodeler et de drainer tous les exc\u00e8s accumul\u00e9s en \u00e9t\u00e9.<\/p>\n<p>Un traitement constant vous permet de voir les r\u00e9sultats sur une p\u00e9riode de 3 \u00e0 4 semaines.<\/p>\n","protected":false},"featured_media":636,"template":"","meta":{"_et_pb_use_builder":"","_et_pb_old_content":"","_et_gb_content_width":""},"product_brand":[],"product_cat":[53],"product_tag":[54],"class_list":{"0":"post-936","1":"product","2":"type-product","3":"status-publish","4":"has-post-thumbnail","6":"product_cat-ligne-corps-et-cheveux","7":"product_tag-soin-du-corps","9":"first","10":"instock","11":"featured","12":"shipping-taxable","13":"purchasable","14":"product-type-simple"},"yoast_head":"<!-- This site is optimized with the Yoast SEO plugin v27.3 - https:\/\/yoast.com\/product\/yoast-seo-wordpress\/ -->\n<title>Kit Remise en Forme - Medecine Nutrition et Danse<\/title>\n<meta name=\"robots\" content=\"index, follow, max-snippet:-1, max-image-preview:large, max-video-preview:-1\" \/>\n<link rel=\"canonical\" href=\"https:\/\/www.medecinenutritionetdanse.com\/fr\/shop\/ligne-corps-et-cheveux\/kit-remise-en-forme\/\" \/>\n<meta property=\"og:locale\" content=\"fr_FR\" \/>\n<meta property=\"og:type\" content=\"article\" \/>\n<meta property=\"og:title\" content=\"Kit Remise en Forme - Medecine Nutrition et Danse\" \/>\n<meta property=\"og:description\" content=\"Trois actions en sept jours et vous remarquerez que votre peau et votre silhouette sont compl\u00e8tement transform\u00e9es. L&#039;action synergique des principes actifs pr\u00e9sents dans tous les produits permet de remodeler et de drainer tous les exc\u00e8s accumul\u00e9s en \u00e9t\u00e9. Un traitement constant vous permet de voir les r\u00e9sultats sur une p\u00e9riode de 3 \u00e0 4 semaines.\" \/>\n<meta property=\"og:url\" content=\"https:\/\/www.medecinenutritionetdanse.com\/fr\/shop\/ligne-corps-et-cheveux\/kit-remise-en-forme\/\" \/>\n<meta property=\"og:site_name\" content=\"Medecine Nutrition et Danse\" \/>\n<meta property=\"article:modified_time\" content=\"2022-01-14T10:39:43+00:00\" \/>\n<meta property=\"og:image\" content=\"https:\/\/www.medecinenutritionetdanse.com\/wp-content\/uploads\/2022\/01\/Kit-Remise-en-Forme-linea-corpo-e-capelli.jpg\" \/>\n\t<meta property=\"og:image:width\" content=\"800\" \/>\n\t<meta property=\"og:image:height\" content=\"800\" \/>\n\t<meta property=\"og:image:type\" content=\"image\/jpeg\" \/>\n<meta name=\"twitter:card\" content=\"summary_large_image\" \/>\n<meta name=\"twitter:label1\" content=\"Dur\u00e9e de lecture estim\u00e9e\" \/>\n\t<meta name=\"twitter:data1\" content=\"2 minutes\" \/>\n<script type=\"application\/ld+json\" class=\"yoast-schema-graph\">{\"@context\":\"https:\\\/\\\/schema.org\",\"@graph\":[{\"@type\":\"WebPage\",\"@id\":\"https:\\\/\\\/www.medecinenutritionetdanse.com\\\/fr\\\/shop\\\/ligne-corps-et-cheveux\\\/kit-remise-en-forme\\\/\",\"url\":\"https:\\\/\\\/www.medecinenutritionetdanse.com\\\/fr\\\/shop\\\/ligne-corps-et-cheveux\\\/kit-remise-en-forme\\\/\",\"name\":\"Kit Remise en Forme - Medecine Nutrition et Danse\",\"isPartOf\":{\"@id\":\"https:\\\/\\\/www.medecinenutritionetdanse.com\\\/#website\"},\"primaryImageOfPage\":{\"@id\":\"https:\\\/\\\/www.medecinenutritionetdanse.com\\\/fr\\\/shop\\\/ligne-corps-et-cheveux\\\/kit-remise-en-forme\\\/#primaryimage\"},\"image\":{\"@id\":\"https:\\\/\\\/www.medecinenutritionetdanse.com\\\/fr\\\/shop\\\/ligne-corps-et-cheveux\\\/kit-remise-en-forme\\\/#primaryimage\"},\"thumbnailUrl\":\"https:\\\/\\\/www.medecinenutritionetdanse.com\\\/wp-content\\\/uploads\\\/2022\\\/01\\\/Kit-Remise-en-Forme-linea-corpo-e-capelli.jpg\",\"datePublished\":\"2022-01-13T08:18:50+00:00\",\"dateModified\":\"2022-01-14T10:39:43+00:00\",\"breadcrumb\":{\"@id\":\"https:\\\/\\\/www.medecinenutritionetdanse.com\\\/fr\\\/shop\\\/ligne-corps-et-cheveux\\\/kit-remise-en-forme\\\/#breadcrumb\"},\"inLanguage\":\"fr-FR\",\"potentialAction\":[{\"@type\":\"ReadAction\",\"target\":[\"https:\\\/\\\/www.medecinenutritionetdanse.com\\\/fr\\\/shop\\\/ligne-corps-et-cheveux\\\/kit-remise-en-forme\\\/\"]}]},{\"@type\":\"ImageObject\",\"inLanguage\":\"fr-FR\",\"@id\":\"https:\\\/\\\/www.medecinenutritionetdanse.com\\\/fr\\\/shop\\\/ligne-corps-et-cheveux\\\/kit-remise-en-forme\\\/#primaryimage\",\"url\":\"https:\\\/\\\/www.medecinenutritionetdanse.com\\\/wp-content\\\/uploads\\\/2022\\\/01\\\/Kit-Remise-en-Forme-linea-corpo-e-capelli.jpg\",\"contentUrl\":\"https:\\\/\\\/www.medecinenutritionetdanse.com\\\/wp-content\\\/uploads\\\/2022\\\/01\\\/Kit-Remise-en-Forme-linea-corpo-e-capelli.jpg\",\"width\":800,\"height\":800,\"caption\":\"Kit Remise en Forme\"},{\"@type\":\"BreadcrumbList\",\"@id\":\"https:\\\/\\\/www.medecinenutritionetdanse.com\\\/fr\\\/shop\\\/ligne-corps-et-cheveux\\\/kit-remise-en-forme\\\/#breadcrumb\",\"itemListElement\":[{\"@type\":\"ListItem\",\"position\":1,\"name\":\"Home\",\"item\":\"https:\\\/\\\/www.medecinenutritionetdanse.com\\\/fr\\\/\"},{\"@type\":\"ListItem\",\"position\":2,\"name\":\"Boutique\",\"item\":\"https:\\\/\\\/www.medecinenutritionetdanse.com\\\/fr\\\/shop\\\/\"},{\"@type\":\"ListItem\",\"position\":3,\"name\":\"Kit Remise en Forme\"}]},{\"@type\":\"WebSite\",\"@id\":\"https:\\\/\\\/www.medecinenutritionetdanse.com\\\/#website\",\"url\":\"https:\\\/\\\/www.medecinenutritionetdanse.com\\\/\",\"name\":\"Medecine Nutrition et Danse\",\"description\":\"Dott.ssa Monica Caddeo\",\"potentialAction\":[{\"@type\":\"SearchAction\",\"target\":{\"@type\":\"EntryPoint\",\"urlTemplate\":\"https:\\\/\\\/www.medecinenutritionetdanse.com\\\/?s={search_term_string}\"},\"query-input\":{\"@type\":\"PropertyValueSpecification\",\"valueRequired\":true,\"valueName\":\"search_term_string\"}}],\"inLanguage\":\"fr-FR\"}]}<\/script>\n<!-- \/ Yoast SEO plugin. -->","yoast_head_json":{"title":"Kit Remise en Forme - Medecine Nutrition et Danse","robots":{"index":"index","follow":"follow","max-snippet":"max-snippet:-1","max-image-preview":"max-image-preview:large","max-video-preview":"max-video-preview:-1"},"canonical":"https:\/\/www.medecinenutritionetdanse.com\/fr\/shop\/ligne-corps-et-cheveux\/kit-remise-en-forme\/","og_locale":"fr_FR","og_type":"article","og_title":"Kit Remise en Forme - Medecine Nutrition et Danse","og_description":"Trois actions en sept jours et vous remarquerez que votre peau et votre silhouette sont compl\u00e8tement transform\u00e9es. L'action synergique des principes actifs pr\u00e9sents dans tous les produits permet de remodeler et de drainer tous les exc\u00e8s accumul\u00e9s en \u00e9t\u00e9. Un traitement constant vous permet de voir les r\u00e9sultats sur une p\u00e9riode de 3 \u00e0 4 semaines.","og_url":"https:\/\/www.medecinenutritionetdanse.com\/fr\/shop\/ligne-corps-et-cheveux\/kit-remise-en-forme\/","og_site_name":"Medecine Nutrition et Danse","article_modified_time":"2022-01-14T10:39:43+00:00","og_image":[{"width":800,"height":800,"url":"https:\/\/www.medecinenutritionetdanse.com\/wp-content\/uploads\/2022\/01\/Kit-Remise-en-Forme-linea-corpo-e-capelli.jpg","type":"image\/jpeg"}],"twitter_card":"summary_large_image","twitter_misc":{"Dur\u00e9e de lecture estim\u00e9e":"2 minutes"},"schema":{"@context":"https:\/\/schema.org","@graph":[{"@type":"WebPage","@id":"https:\/\/www.medecinenutritionetdanse.com\/fr\/shop\/ligne-corps-et-cheveux\/kit-remise-en-forme\/","url":"https:\/\/www.medecinenutritionetdanse.com\/fr\/shop\/ligne-corps-et-cheveux\/kit-remise-en-forme\/","name":"Kit Remise en Forme - Medecine Nutrition et Danse","isPartOf":{"@id":"https:\/\/www.medecinenutritionetdanse.com\/#website"},"primaryImageOfPage":{"@id":"https:\/\/www.medecinenutritionetdanse.com\/fr\/shop\/ligne-corps-et-cheveux\/kit-remise-en-forme\/#primaryimage"},"image":{"@id":"https:\/\/www.medecinenutritionetdanse.com\/fr\/shop\/ligne-corps-et-cheveux\/kit-remise-en-forme\/#primaryimage"},"thumbnailUrl":"https:\/\/www.medecinenutritionetdanse.com\/wp-content\/uploads\/2022\/01\/Kit-Remise-en-Forme-linea-corpo-e-capelli.jpg","datePublished":"2022-01-13T08:18:50+00:00","dateModified":"2022-01-14T10:39:43+00:00","breadcrumb":{"@id":"https:\/\/www.medecinenutritionetdanse.com\/fr\/shop\/ligne-corps-et-cheveux\/kit-remise-en-forme\/#breadcrumb"},"inLanguage":"fr-FR","potentialAction":[{"@type":"ReadAction","target":["https:\/\/www.medecinenutritionetdanse.com\/fr\/shop\/ligne-corps-et-cheveux\/kit-remise-en-forme\/"]}]},{"@type":"ImageObject","inLanguage":"fr-FR","@id":"https:\/\/www.medecinenutritionetdanse.com\/fr\/shop\/ligne-corps-et-cheveux\/kit-remise-en-forme\/#primaryimage","url":"https:\/\/www.medecinenutritionetdanse.com\/wp-content\/uploads\/2022\/01\/Kit-Remise-en-Forme-linea-corpo-e-capelli.jpg","contentUrl":"https:\/\/www.medecinenutritionetdanse.com\/wp-content\/uploads\/2022\/01\/Kit-Remise-en-Forme-linea-corpo-e-capelli.jpg","width":800,"height":800,"caption":"Kit Remise en Forme"},{"@type":"BreadcrumbList","@id":"https:\/\/www.medecinenutritionetdanse.com\/fr\/shop\/ligne-corps-et-cheveux\/kit-remise-en-forme\/#breadcrumb","itemListElement":[{"@type":"ListItem","position":1,"name":"Home","item":"https:\/\/www.medecinenutritionetdanse.com\/fr\/"},{"@type":"ListItem","position":2,"name":"Boutique","item":"https:\/\/www.medecinenutritionetdanse.com\/fr\/shop\/"},{"@type":"ListItem","position":3,"name":"Kit Remise en Forme"}]},{"@type":"WebSite","@id":"https:\/\/www.medecinenutritionetdanse.com\/#website","url":"https:\/\/www.medecinenutritionetdanse.com\/","name":"Medecine Nutrition et Danse","description":"Dott.ssa Monica Caddeo","potentialAction":[{"@type":"SearchAction","target":{"@type":"EntryPoint","urlTemplate":"https:\/\/www.medecinenutritionetdanse.com\/?s={search_term_string}"},"query-input":{"@type":"PropertyValueSpecification","valueRequired":true,"valueName":"search_term_string"}}],"inLanguage":"fr-FR"}]}},"_links":{"self":[{"href":"https:\/\/www.medecinenutritionetdanse.com\/fr\/wp-json\/wp\/v2\/product\/936","targetHints":{"allow":["GET"]}}],"collection":[{"href":"https:\/\/www.medecinenutritionetdanse.com\/fr\/wp-json\/wp\/v2\/product"}],"about":[{"href":"https:\/\/www.medecinenutritionetdanse.com\/fr\/wp-json\/wp\/v2\/types\/product"}],"wp:featuredmedia":[{"embeddable":true,"href":"https:\/\/www.medecinenutritionetdanse.com\/fr\/wp-json\/wp\/v2\/media\/636"}],"wp:attachment":[{"href":"https:\/\/www.medecinenutritionetdanse.com\/fr\/wp-json\/wp\/v2\/media?parent=936"}],"wp:term":[{"taxonomy":"product_brand","embeddable":true,"href":"https:\/\/www.medecinenutritionetdanse.com\/fr\/wp-json\/wp\/v2\/product_brand?post=936"},{"taxonomy":"product_cat","embeddable":true,"href":"https:\/\/www.medecinenutritionetdanse.com\/fr\/wp-json\/wp\/v2\/product_cat?post=936"},{"taxonomy":"product_tag","embeddable":true,"href":"https:\/\/www.medecinenutritionetdanse.com\/fr\/wp-json\/wp\/v2\/product_tag?post=936"}],"curies":[{"name":"wp","href":"https:\/\/api.w.org\/{rel}","templated":true}]}}