{"id":943,"date":"2022-01-10T12:55:50","date_gmt":"2022-01-13T08:57:05","guid":{"rendered":"https:\/\/www.medecinenutritionetdanse.com\/shop\/non%20class\u00e9\/creme-vergetures-500-ml\/"},"modified":"2022-01-14T11:37:36","modified_gmt":"2022-01-14T10:37:36","slug":"creme-vergetures-500-ml","status":"publish","type":"product","link":"https:\/\/www.medecinenutritionetdanse.com\/fr\/shop\/ligne-corps-et-cheveux\/creme-vergetures-500-ml\/","title":{"rendered":"Cr\u00e8me Vergetures 500 ml"},"content":{"rendered":"<p>Les ingr\u00e9dients naturels soigneusement s\u00e9lectionn\u00e9s agissent imm\u00e9diatement:<\/p>\n<p>Action r\u00e9g\u00e9n\u00e9rante : stimule le processus de synth\u00e8se des fibres d&rsquo;\u00e9lastine et r\u00e9pare les dommages cutan\u00e9s, r\u00e9duisant visiblement les vergetures rouges et blanches<br \/>\nAction \u00e9lastifiante : rend la peau plus \u00ab r\u00e9sistante \u00bb \u00e0 l&rsquo;attaque prot\u00e9olytique de l&rsquo;\u00e9lastase et diminue la formation des vergetures<br \/>\nAction Hydratante et Nourrissante : maintient la peau douce et velout\u00e9e<br \/>\nAction antioxydante et protectrice des tissus cutan\u00e9s<br \/>\nR\u00e9duit visiblement les vergetures rouges de 98%<br \/>\nLisse les vergetures blanches de 85%<br \/>\nFacilite la cicatrisation de la peau sans laisser de traces<br \/>\nRend la peau plus \u00e9lastique et douce, emp\u00eachant la formation de vergetures<br \/>\nSon efficacit\u00e9 est garantie et test\u00e9e sur toutes les parties du corps notamment sur:<\/p>\n<p>Abdomen<br \/>\nSein<br \/>\nHanches<br \/>\nCuisses<br \/>\nFesses<br \/>\nSANS PARABEN<\/p>\n<p>Comment utiliser:<\/p>\n<p>Appliquer en quantit\u00e9 mod\u00e9r\u00e9e en massages doux jusqu&rsquo;\u00e0 absorption compl\u00e8te, matin et soir sur les parties du corps concern\u00e9es par les imperfections. Il peut \u00eatre utilis\u00e9 pendant la grossesse et l&rsquo;allaitement, en dehors de la t\u00e9t\u00e9e, en \u00e9vitant une application directe sur les mamelons.<\/p>\n","protected":false},"excerpt":{"rendered":"<p><img loading=\"lazy\" decoding=\"async\" class=\"alignnone size-full wp-image-22\" src=\"https:\/\/www.medecinenutritionetdanse.com\/wp-content\/uploads\/2022\/01\/bio.png\" alt=\"\" width=\"150\" height=\"53\"><\/p>\n<p>Pr\u00e9vient la formation de nouvelles vergetures et r\u00e9pare celles existantes gr\u00e2ce \u00e0 la formule exclusive riche en Regu\u00ae-Stretch.<\/p>\n","protected":false},"featured_media":632,"template":"","meta":{"_et_pb_use_builder":"","_et_pb_old_content":"","_et_gb_content_width":""},"product_brand":[],"product_cat":[53],"product_tag":[54],"class_list":{"0":"post-943","1":"product","2":"type-product","3":"status-publish","4":"has-post-thumbnail","6":"product_cat-ligne-corps-et-cheveux","7":"product_tag-soin-du-corps","9":"first","10":"instock","11":"shipping-taxable","12":"purchasable","13":"product-type-simple"},"yoast_head":"<!-- This site is optimized with the Yoast SEO plugin v27.4 - https:\/\/yoast.com\/product\/yoast-seo-wordpress\/ -->\n<title>Cr\u00e8me Vergetures 500 ml - Medecine Nutrition et Danse<\/title>\n<meta name=\"robots\" content=\"index, follow, max-snippet:-1, max-image-preview:large, max-video-preview:-1\" \/>\n<link rel=\"canonical\" href=\"https:\/\/www.medecinenutritionetdanse.com\/fr\/shop\/ligne-corps-et-cheveux\/creme-vergetures-500-ml\/\" \/>\n<meta property=\"og:locale\" content=\"fr_FR\" \/>\n<meta property=\"og:type\" content=\"article\" \/>\n<meta property=\"og:title\" content=\"Cr\u00e8me Vergetures 500 ml - Medecine Nutrition et Danse\" \/>\n<meta property=\"og:description\" content=\"Pr\u00e9vient la formation de nouvelles vergetures et r\u00e9pare celles existantes gr\u00e2ce \u00e0 la formule exclusive riche en Regu\u00ae-Stretch.\" \/>\n<meta property=\"og:url\" content=\"https:\/\/www.medecinenutritionetdanse.com\/fr\/shop\/ligne-corps-et-cheveux\/creme-vergetures-500-ml\/\" \/>\n<meta property=\"og:site_name\" content=\"Medecine Nutrition et Danse\" \/>\n<meta property=\"article:modified_time\" content=\"2022-01-14T10:37:36+00:00\" \/>\n<meta property=\"og:image\" content=\"https:\/\/www.medecinenutritionetdanse.com\/wp-content\/uploads\/2022\/01\/Crema-Smagliature-500-ml-linea-corpo-e-capelli.jpg\" \/>\n\t<meta property=\"og:image:width\" content=\"800\" \/>\n\t<meta property=\"og:image:height\" content=\"800\" \/>\n\t<meta property=\"og:image:type\" content=\"image\/jpeg\" \/>\n<meta name=\"twitter:card\" content=\"summary_large_image\" \/>\n<meta name=\"twitter:label1\" content=\"Dur\u00e9e de lecture estim\u00e9e\" \/>\n\t<meta name=\"twitter:data1\" content=\"1 minute\" \/>\n<script type=\"application\/ld+json\" class=\"yoast-schema-graph\">{\"@context\":\"https:\\\/\\\/schema.org\",\"@graph\":[{\"@type\":\"WebPage\",\"@id\":\"https:\\\/\\\/www.medecinenutritionetdanse.com\\\/fr\\\/shop\\\/ligne-corps-et-cheveux\\\/creme-vergetures-500-ml\\\/\",\"url\":\"https:\\\/\\\/www.medecinenutritionetdanse.com\\\/fr\\\/shop\\\/ligne-corps-et-cheveux\\\/creme-vergetures-500-ml\\\/\",\"name\":\"Cr\u00e8me Vergetures 500 ml - Medecine Nutrition et Danse\",\"isPartOf\":{\"@id\":\"https:\\\/\\\/www.medecinenutritionetdanse.com\\\/#website\"},\"primaryImageOfPage\":{\"@id\":\"https:\\\/\\\/www.medecinenutritionetdanse.com\\\/fr\\\/shop\\\/ligne-corps-et-cheveux\\\/creme-vergetures-500-ml\\\/#primaryimage\"},\"image\":{\"@id\":\"https:\\\/\\\/www.medecinenutritionetdanse.com\\\/fr\\\/shop\\\/ligne-corps-et-cheveux\\\/creme-vergetures-500-ml\\\/#primaryimage\"},\"thumbnailUrl\":\"https:\\\/\\\/www.medecinenutritionetdanse.com\\\/wp-content\\\/uploads\\\/2022\\\/01\\\/Crema-Smagliature-500-ml-linea-corpo-e-capelli.jpg\",\"datePublished\":\"2022-01-13T08:57:05+00:00\",\"dateModified\":\"2022-01-14T10:37:36+00:00\",\"breadcrumb\":{\"@id\":\"https:\\\/\\\/www.medecinenutritionetdanse.com\\\/fr\\\/shop\\\/ligne-corps-et-cheveux\\\/creme-vergetures-500-ml\\\/#breadcrumb\"},\"inLanguage\":\"fr-FR\",\"potentialAction\":[{\"@type\":\"ReadAction\",\"target\":[\"https:\\\/\\\/www.medecinenutritionetdanse.com\\\/fr\\\/shop\\\/ligne-corps-et-cheveux\\\/creme-vergetures-500-ml\\\/\"]}]},{\"@type\":\"ImageObject\",\"inLanguage\":\"fr-FR\",\"@id\":\"https:\\\/\\\/www.medecinenutritionetdanse.com\\\/fr\\\/shop\\\/ligne-corps-et-cheveux\\\/creme-vergetures-500-ml\\\/#primaryimage\",\"url\":\"https:\\\/\\\/www.medecinenutritionetdanse.com\\\/wp-content\\\/uploads\\\/2022\\\/01\\\/Crema-Smagliature-500-ml-linea-corpo-e-capelli.jpg\",\"contentUrl\":\"https:\\\/\\\/www.medecinenutritionetdanse.com\\\/wp-content\\\/uploads\\\/2022\\\/01\\\/Crema-Smagliature-500-ml-linea-corpo-e-capelli.jpg\",\"width\":800,\"height\":800,\"caption\":\"Cr\u00e8me Vergetures 500 ml\"},{\"@type\":\"BreadcrumbList\",\"@id\":\"https:\\\/\\\/www.medecinenutritionetdanse.com\\\/fr\\\/shop\\\/ligne-corps-et-cheveux\\\/creme-vergetures-500-ml\\\/#breadcrumb\",\"itemListElement\":[{\"@type\":\"ListItem\",\"position\":1,\"name\":\"Home\",\"item\":\"https:\\\/\\\/www.medecinenutritionetdanse.com\\\/fr\\\/\"},{\"@type\":\"ListItem\",\"position\":2,\"name\":\"Boutique\",\"item\":\"https:\\\/\\\/www.medecinenutritionetdanse.com\\\/fr\\\/shop\\\/\"},{\"@type\":\"ListItem\",\"position\":3,\"name\":\"Cr\u00e8me Vergetures 500 ml\"}]},{\"@type\":\"WebSite\",\"@id\":\"https:\\\/\\\/www.medecinenutritionetdanse.com\\\/#website\",\"url\":\"https:\\\/\\\/www.medecinenutritionetdanse.com\\\/\",\"name\":\"Medecine Nutrition et Danse\",\"description\":\"Dott.ssa Monica Caddeo\",\"potentialAction\":[{\"@type\":\"SearchAction\",\"target\":{\"@type\":\"EntryPoint\",\"urlTemplate\":\"https:\\\/\\\/www.medecinenutritionetdanse.com\\\/?s={search_term_string}\"},\"query-input\":{\"@type\":\"PropertyValueSpecification\",\"valueRequired\":true,\"valueName\":\"search_term_string\"}}],\"inLanguage\":\"fr-FR\"}]}<\/script>\n<!-- \/ Yoast SEO plugin. -->","yoast_head_json":{"title":"Cr\u00e8me Vergetures 500 ml - Medecine Nutrition et Danse","robots":{"index":"index","follow":"follow","max-snippet":"max-snippet:-1","max-image-preview":"max-image-preview:large","max-video-preview":"max-video-preview:-1"},"canonical":"https:\/\/www.medecinenutritionetdanse.com\/fr\/shop\/ligne-corps-et-cheveux\/creme-vergetures-500-ml\/","og_locale":"fr_FR","og_type":"article","og_title":"Cr\u00e8me Vergetures 500 ml - Medecine Nutrition et Danse","og_description":"Pr\u00e9vient la formation de nouvelles vergetures et r\u00e9pare celles existantes gr\u00e2ce \u00e0 la formule exclusive riche en Regu\u00ae-Stretch.","og_url":"https:\/\/www.medecinenutritionetdanse.com\/fr\/shop\/ligne-corps-et-cheveux\/creme-vergetures-500-ml\/","og_site_name":"Medecine Nutrition et Danse","article_modified_time":"2022-01-14T10:37:36+00:00","og_image":[{"width":800,"height":800,"url":"https:\/\/www.medecinenutritionetdanse.com\/wp-content\/uploads\/2022\/01\/Crema-Smagliature-500-ml-linea-corpo-e-capelli.jpg","type":"image\/jpeg"}],"twitter_card":"summary_large_image","twitter_misc":{"Dur\u00e9e de lecture estim\u00e9e":"1 minute"},"schema":{"@context":"https:\/\/schema.org","@graph":[{"@type":"WebPage","@id":"https:\/\/www.medecinenutritionetdanse.com\/fr\/shop\/ligne-corps-et-cheveux\/creme-vergetures-500-ml\/","url":"https:\/\/www.medecinenutritionetdanse.com\/fr\/shop\/ligne-corps-et-cheveux\/creme-vergetures-500-ml\/","name":"Cr\u00e8me Vergetures 500 ml - Medecine Nutrition et Danse","isPartOf":{"@id":"https:\/\/www.medecinenutritionetdanse.com\/#website"},"primaryImageOfPage":{"@id":"https:\/\/www.medecinenutritionetdanse.com\/fr\/shop\/ligne-corps-et-cheveux\/creme-vergetures-500-ml\/#primaryimage"},"image":{"@id":"https:\/\/www.medecinenutritionetdanse.com\/fr\/shop\/ligne-corps-et-cheveux\/creme-vergetures-500-ml\/#primaryimage"},"thumbnailUrl":"https:\/\/www.medecinenutritionetdanse.com\/wp-content\/uploads\/2022\/01\/Crema-Smagliature-500-ml-linea-corpo-e-capelli.jpg","datePublished":"2022-01-13T08:57:05+00:00","dateModified":"2022-01-14T10:37:36+00:00","breadcrumb":{"@id":"https:\/\/www.medecinenutritionetdanse.com\/fr\/shop\/ligne-corps-et-cheveux\/creme-vergetures-500-ml\/#breadcrumb"},"inLanguage":"fr-FR","potentialAction":[{"@type":"ReadAction","target":["https:\/\/www.medecinenutritionetdanse.com\/fr\/shop\/ligne-corps-et-cheveux\/creme-vergetures-500-ml\/"]}]},{"@type":"ImageObject","inLanguage":"fr-FR","@id":"https:\/\/www.medecinenutritionetdanse.com\/fr\/shop\/ligne-corps-et-cheveux\/creme-vergetures-500-ml\/#primaryimage","url":"https:\/\/www.medecinenutritionetdanse.com\/wp-content\/uploads\/2022\/01\/Crema-Smagliature-500-ml-linea-corpo-e-capelli.jpg","contentUrl":"https:\/\/www.medecinenutritionetdanse.com\/wp-content\/uploads\/2022\/01\/Crema-Smagliature-500-ml-linea-corpo-e-capelli.jpg","width":800,"height":800,"caption":"Cr\u00e8me Vergetures 500 ml"},{"@type":"BreadcrumbList","@id":"https:\/\/www.medecinenutritionetdanse.com\/fr\/shop\/ligne-corps-et-cheveux\/creme-vergetures-500-ml\/#breadcrumb","itemListElement":[{"@type":"ListItem","position":1,"name":"Home","item":"https:\/\/www.medecinenutritionetdanse.com\/fr\/"},{"@type":"ListItem","position":2,"name":"Boutique","item":"https:\/\/www.medecinenutritionetdanse.com\/fr\/shop\/"},{"@type":"ListItem","position":3,"name":"Cr\u00e8me Vergetures 500 ml"}]},{"@type":"WebSite","@id":"https:\/\/www.medecinenutritionetdanse.com\/#website","url":"https:\/\/www.medecinenutritionetdanse.com\/","name":"Medecine Nutrition et Danse","description":"Dott.ssa Monica Caddeo","potentialAction":[{"@type":"SearchAction","target":{"@type":"EntryPoint","urlTemplate":"https:\/\/www.medecinenutritionetdanse.com\/?s={search_term_string}"},"query-input":{"@type":"PropertyValueSpecification","valueRequired":true,"valueName":"search_term_string"}}],"inLanguage":"fr-FR"}]}},"_links":{"self":[{"href":"https:\/\/www.medecinenutritionetdanse.com\/fr\/wp-json\/wp\/v2\/product\/943","targetHints":{"allow":["GET"]}}],"collection":[{"href":"https:\/\/www.medecinenutritionetdanse.com\/fr\/wp-json\/wp\/v2\/product"}],"about":[{"href":"https:\/\/www.medecinenutritionetdanse.com\/fr\/wp-json\/wp\/v2\/types\/product"}],"wp:featuredmedia":[{"embeddable":true,"href":"https:\/\/www.medecinenutritionetdanse.com\/fr\/wp-json\/wp\/v2\/media\/632"}],"wp:attachment":[{"href":"https:\/\/www.medecinenutritionetdanse.com\/fr\/wp-json\/wp\/v2\/media?parent=943"}],"wp:term":[{"taxonomy":"product_brand","embeddable":true,"href":"https:\/\/www.medecinenutritionetdanse.com\/fr\/wp-json\/wp\/v2\/product_brand?post=943"},{"taxonomy":"product_cat","embeddable":true,"href":"https:\/\/www.medecinenutritionetdanse.com\/fr\/wp-json\/wp\/v2\/product_cat?post=943"},{"taxonomy":"product_tag","embeddable":true,"href":"https:\/\/www.medecinenutritionetdanse.com\/fr\/wp-json\/wp\/v2\/product_tag?post=943"}],"curies":[{"name":"wp","href":"https:\/\/api.w.org\/{rel}","templated":true}]}}