{"id":973,"date":"2022-01-07T18:06:41","date_gmt":"2022-01-13T11:07:23","guid":{"rendered":"https:\/\/www.medecinenutritionetdanse.com\/shop\/non%20class\u00e9\/serum-sacs-instantanes-et-cernes-15ml\/"},"modified":"2022-01-14T11:26:27","modified_gmt":"2022-01-14T10:26:27","slug":"serum-sacs-instantanes-et-cernes-15-ml","status":"publish","type":"product","link":"https:\/\/www.medecinenutritionetdanse.com\/fr\/shop\/ligne-de-visage\/serum-sacs-instantanes-et-cernes-15-ml\/","title":{"rendered":"S\u00e9rum Sacs Instantan\u00e9s et Cernes 15ml"},"content":{"rendered":"<p>Les ingr\u00e9dients qu&rsquo;il contient favorisent une action effet botox.<\/p>\n<p>Mais son effet n&rsquo;est pas qu&rsquo;apparence : les actifs de ce s\u00e9rum magique vont aussi travailler pour rajeunir et tonifier la peau application apr\u00e8s application, pour un effet r\u00e9el et concret dans la dur\u00e9e.<\/p>\n<p>Comment postuler:<\/p>\n<p>Pressez une petite quantit\u00e9 de produit entre vos doigts, en la frottant entre le pouce et l&rsquo;index jusqu&rsquo;\u00e0 obtenir un voile uniforme. Appliquer ensuite sous les yeux en tapotant, couvrant ainsi toute la zone touch\u00e9e. Laisser agir 2 minutes en restant immobile.<\/p>\n<p>Il est recommand\u00e9 d&rsquo;appliquer d&rsquo;abord le contour des yeux ou la cr\u00e8me visage quotidienne.<\/p>\n","protected":false},"excerpt":{"rendered":"<p><img loading=\"lazy\" decoding=\"async\" class=\"alignnone size-full wp-image-22\" src=\"https:\/\/www.medecinenutritionetdanse.com\/wp-content\/uploads\/2022\/01\/bio.png\" alt=\"\" width=\"150\" height=\"53\"><\/p>\n<p>En seulement 2 minutes \u00ab\u00a0Magic Eye\u00a0\u00bb agit litt\u00e9ralement SOUS VOS YEUX!!!<\/p>\n<p>Oubliez les SACS et les CERCLES DARK : sa formulation unique agira d\u00e8s les premi\u00e8res secondes pour les \u00e9tirer et les couvrir, avec un effet qui durera des heures. Une fois appliqu\u00e9, le s\u00e9rum s\u00e8che en quelques secondes et cr\u00e9e un film invisible qui \u00e9tire la peau.<\/p>\n","protected":false},"featured_media":602,"template":"","meta":{"_et_pb_use_builder":"","_et_pb_old_content":"","_et_gb_content_width":""},"product_brand":[],"product_cat":[60],"product_tag":[64],"class_list":{"0":"post-973","1":"product","2":"type-product","3":"status-publish","4":"has-post-thumbnail","6":"product_cat-ligne-de-visage","7":"product_tag-soins-du-visage","9":"first","10":"instock","11":"shipping-taxable","12":"purchasable","13":"product-type-simple"},"yoast_head":"<!-- This site is optimized with the Yoast SEO plugin v27.3 - https:\/\/yoast.com\/product\/yoast-seo-wordpress\/ -->\n<title>S\u00e9rum Sacs Instantan\u00e9s et Cernes 15ml - Medecine Nutrition et Danse<\/title>\n<meta name=\"robots\" content=\"index, follow, max-snippet:-1, max-image-preview:large, max-video-preview:-1\" \/>\n<link rel=\"canonical\" href=\"https:\/\/www.medecinenutritionetdanse.com\/fr\/shop\/ligne-de-visage\/serum-sacs-instantanes-et-cernes-15-ml\/\" \/>\n<meta property=\"og:locale\" content=\"fr_FR\" \/>\n<meta property=\"og:type\" content=\"article\" \/>\n<meta property=\"og:title\" content=\"S\u00e9rum Sacs Instantan\u00e9s et Cernes 15ml - Medecine Nutrition et Danse\" \/>\n<meta property=\"og:description\" content=\"En seulement 2 minutes &quot;Magic Eye&quot; agit litt\u00e9ralement SOUS VOS YEUX!!! Oubliez les SACS et les CERCLES DARK : sa formulation unique agira d\u00e8s les premi\u00e8res secondes pour les \u00e9tirer et les couvrir, avec un effet qui durera des heures. Une fois appliqu\u00e9, le s\u00e9rum s\u00e8che en quelques secondes et cr\u00e9e un film invisible qui \u00e9tire la peau.\" \/>\n<meta property=\"og:url\" content=\"https:\/\/www.medecinenutritionetdanse.com\/fr\/shop\/ligne-de-visage\/serum-sacs-instantanes-et-cernes-15-ml\/\" \/>\n<meta property=\"og:site_name\" content=\"Medecine Nutrition et Danse\" \/>\n<meta property=\"article:modified_time\" content=\"2022-01-14T10:26:27+00:00\" \/>\n<meta property=\"og:image\" content=\"https:\/\/www.medecinenutritionetdanse.com\/wp-content\/uploads\/2022\/01\/Siero-Istantaneo-Borse-e-Occhiaie-15-ml-viso-e-labbra.jpg\" \/>\n\t<meta property=\"og:image:width\" content=\"800\" \/>\n\t<meta property=\"og:image:height\" content=\"800\" \/>\n\t<meta property=\"og:image:type\" content=\"image\/jpeg\" \/>\n<meta name=\"twitter:card\" content=\"summary_large_image\" \/>\n<meta name=\"twitter:label1\" content=\"Dur\u00e9e de lecture estim\u00e9e\" \/>\n\t<meta name=\"twitter:data1\" content=\"1 minute\" \/>\n<script type=\"application\/ld+json\" class=\"yoast-schema-graph\">{\"@context\":\"https:\\\/\\\/schema.org\",\"@graph\":[{\"@type\":\"WebPage\",\"@id\":\"https:\\\/\\\/www.medecinenutritionetdanse.com\\\/fr\\\/shop\\\/ligne-de-visage\\\/serum-sacs-instantanes-et-cernes-15-ml\\\/\",\"url\":\"https:\\\/\\\/www.medecinenutritionetdanse.com\\\/fr\\\/shop\\\/ligne-de-visage\\\/serum-sacs-instantanes-et-cernes-15-ml\\\/\",\"name\":\"S\u00e9rum Sacs Instantan\u00e9s et Cernes 15ml - Medecine Nutrition et Danse\",\"isPartOf\":{\"@id\":\"https:\\\/\\\/www.medecinenutritionetdanse.com\\\/#website\"},\"primaryImageOfPage\":{\"@id\":\"https:\\\/\\\/www.medecinenutritionetdanse.com\\\/fr\\\/shop\\\/ligne-de-visage\\\/serum-sacs-instantanes-et-cernes-15-ml\\\/#primaryimage\"},\"image\":{\"@id\":\"https:\\\/\\\/www.medecinenutritionetdanse.com\\\/fr\\\/shop\\\/ligne-de-visage\\\/serum-sacs-instantanes-et-cernes-15-ml\\\/#primaryimage\"},\"thumbnailUrl\":\"https:\\\/\\\/www.medecinenutritionetdanse.com\\\/wp-content\\\/uploads\\\/2022\\\/01\\\/Siero-Istantaneo-Borse-e-Occhiaie-15-ml-viso-e-labbra.jpg\",\"datePublished\":\"2022-01-13T11:07:23+00:00\",\"dateModified\":\"2022-01-14T10:26:27+00:00\",\"breadcrumb\":{\"@id\":\"https:\\\/\\\/www.medecinenutritionetdanse.com\\\/fr\\\/shop\\\/ligne-de-visage\\\/serum-sacs-instantanes-et-cernes-15-ml\\\/#breadcrumb\"},\"inLanguage\":\"fr-FR\",\"potentialAction\":[{\"@type\":\"ReadAction\",\"target\":[\"https:\\\/\\\/www.medecinenutritionetdanse.com\\\/fr\\\/shop\\\/ligne-de-visage\\\/serum-sacs-instantanes-et-cernes-15-ml\\\/\"]}]},{\"@type\":\"ImageObject\",\"inLanguage\":\"fr-FR\",\"@id\":\"https:\\\/\\\/www.medecinenutritionetdanse.com\\\/fr\\\/shop\\\/ligne-de-visage\\\/serum-sacs-instantanes-et-cernes-15-ml\\\/#primaryimage\",\"url\":\"https:\\\/\\\/www.medecinenutritionetdanse.com\\\/wp-content\\\/uploads\\\/2022\\\/01\\\/Siero-Istantaneo-Borse-e-Occhiaie-15-ml-viso-e-labbra.jpg\",\"contentUrl\":\"https:\\\/\\\/www.medecinenutritionetdanse.com\\\/wp-content\\\/uploads\\\/2022\\\/01\\\/Siero-Istantaneo-Borse-e-Occhiaie-15-ml-viso-e-labbra.jpg\",\"width\":800,\"height\":800,\"caption\":\"S\u00e9rum Sacs Instantan\u00e9s et Cernes 15 ml\"},{\"@type\":\"BreadcrumbList\",\"@id\":\"https:\\\/\\\/www.medecinenutritionetdanse.com\\\/fr\\\/shop\\\/ligne-de-visage\\\/serum-sacs-instantanes-et-cernes-15-ml\\\/#breadcrumb\",\"itemListElement\":[{\"@type\":\"ListItem\",\"position\":1,\"name\":\"Home\",\"item\":\"https:\\\/\\\/www.medecinenutritionetdanse.com\\\/fr\\\/\"},{\"@type\":\"ListItem\",\"position\":2,\"name\":\"Boutique\",\"item\":\"https:\\\/\\\/www.medecinenutritionetdanse.com\\\/fr\\\/shop\\\/\"},{\"@type\":\"ListItem\",\"position\":3,\"name\":\"S\u00e9rum Sacs Instantan\u00e9s et Cernes 15ml\"}]},{\"@type\":\"WebSite\",\"@id\":\"https:\\\/\\\/www.medecinenutritionetdanse.com\\\/#website\",\"url\":\"https:\\\/\\\/www.medecinenutritionetdanse.com\\\/\",\"name\":\"Medecine Nutrition et Danse\",\"description\":\"Dott.ssa Monica Caddeo\",\"potentialAction\":[{\"@type\":\"SearchAction\",\"target\":{\"@type\":\"EntryPoint\",\"urlTemplate\":\"https:\\\/\\\/www.medecinenutritionetdanse.com\\\/?s={search_term_string}\"},\"query-input\":{\"@type\":\"PropertyValueSpecification\",\"valueRequired\":true,\"valueName\":\"search_term_string\"}}],\"inLanguage\":\"fr-FR\"}]}<\/script>\n<!-- \/ Yoast SEO plugin. -->","yoast_head_json":{"title":"S\u00e9rum Sacs Instantan\u00e9s et Cernes 15ml - Medecine Nutrition et Danse","robots":{"index":"index","follow":"follow","max-snippet":"max-snippet:-1","max-image-preview":"max-image-preview:large","max-video-preview":"max-video-preview:-1"},"canonical":"https:\/\/www.medecinenutritionetdanse.com\/fr\/shop\/ligne-de-visage\/serum-sacs-instantanes-et-cernes-15-ml\/","og_locale":"fr_FR","og_type":"article","og_title":"S\u00e9rum Sacs Instantan\u00e9s et Cernes 15ml - Medecine Nutrition et Danse","og_description":"En seulement 2 minutes \"Magic Eye\" agit litt\u00e9ralement SOUS VOS YEUX!!! Oubliez les SACS et les CERCLES DARK : sa formulation unique agira d\u00e8s les premi\u00e8res secondes pour les \u00e9tirer et les couvrir, avec un effet qui durera des heures. Une fois appliqu\u00e9, le s\u00e9rum s\u00e8che en quelques secondes et cr\u00e9e un film invisible qui \u00e9tire la peau.","og_url":"https:\/\/www.medecinenutritionetdanse.com\/fr\/shop\/ligne-de-visage\/serum-sacs-instantanes-et-cernes-15-ml\/","og_site_name":"Medecine Nutrition et Danse","article_modified_time":"2022-01-14T10:26:27+00:00","og_image":[{"width":800,"height":800,"url":"https:\/\/www.medecinenutritionetdanse.com\/wp-content\/uploads\/2022\/01\/Siero-Istantaneo-Borse-e-Occhiaie-15-ml-viso-e-labbra.jpg","type":"image\/jpeg"}],"twitter_card":"summary_large_image","twitter_misc":{"Dur\u00e9e de lecture estim\u00e9e":"1 minute"},"schema":{"@context":"https:\/\/schema.org","@graph":[{"@type":"WebPage","@id":"https:\/\/www.medecinenutritionetdanse.com\/fr\/shop\/ligne-de-visage\/serum-sacs-instantanes-et-cernes-15-ml\/","url":"https:\/\/www.medecinenutritionetdanse.com\/fr\/shop\/ligne-de-visage\/serum-sacs-instantanes-et-cernes-15-ml\/","name":"S\u00e9rum Sacs Instantan\u00e9s et Cernes 15ml - Medecine Nutrition et Danse","isPartOf":{"@id":"https:\/\/www.medecinenutritionetdanse.com\/#website"},"primaryImageOfPage":{"@id":"https:\/\/www.medecinenutritionetdanse.com\/fr\/shop\/ligne-de-visage\/serum-sacs-instantanes-et-cernes-15-ml\/#primaryimage"},"image":{"@id":"https:\/\/www.medecinenutritionetdanse.com\/fr\/shop\/ligne-de-visage\/serum-sacs-instantanes-et-cernes-15-ml\/#primaryimage"},"thumbnailUrl":"https:\/\/www.medecinenutritionetdanse.com\/wp-content\/uploads\/2022\/01\/Siero-Istantaneo-Borse-e-Occhiaie-15-ml-viso-e-labbra.jpg","datePublished":"2022-01-13T11:07:23+00:00","dateModified":"2022-01-14T10:26:27+00:00","breadcrumb":{"@id":"https:\/\/www.medecinenutritionetdanse.com\/fr\/shop\/ligne-de-visage\/serum-sacs-instantanes-et-cernes-15-ml\/#breadcrumb"},"inLanguage":"fr-FR","potentialAction":[{"@type":"ReadAction","target":["https:\/\/www.medecinenutritionetdanse.com\/fr\/shop\/ligne-de-visage\/serum-sacs-instantanes-et-cernes-15-ml\/"]}]},{"@type":"ImageObject","inLanguage":"fr-FR","@id":"https:\/\/www.medecinenutritionetdanse.com\/fr\/shop\/ligne-de-visage\/serum-sacs-instantanes-et-cernes-15-ml\/#primaryimage","url":"https:\/\/www.medecinenutritionetdanse.com\/wp-content\/uploads\/2022\/01\/Siero-Istantaneo-Borse-e-Occhiaie-15-ml-viso-e-labbra.jpg","contentUrl":"https:\/\/www.medecinenutritionetdanse.com\/wp-content\/uploads\/2022\/01\/Siero-Istantaneo-Borse-e-Occhiaie-15-ml-viso-e-labbra.jpg","width":800,"height":800,"caption":"S\u00e9rum Sacs Instantan\u00e9s et Cernes 15 ml"},{"@type":"BreadcrumbList","@id":"https:\/\/www.medecinenutritionetdanse.com\/fr\/shop\/ligne-de-visage\/serum-sacs-instantanes-et-cernes-15-ml\/#breadcrumb","itemListElement":[{"@type":"ListItem","position":1,"name":"Home","item":"https:\/\/www.medecinenutritionetdanse.com\/fr\/"},{"@type":"ListItem","position":2,"name":"Boutique","item":"https:\/\/www.medecinenutritionetdanse.com\/fr\/shop\/"},{"@type":"ListItem","position":3,"name":"S\u00e9rum Sacs Instantan\u00e9s et Cernes 15ml"}]},{"@type":"WebSite","@id":"https:\/\/www.medecinenutritionetdanse.com\/#website","url":"https:\/\/www.medecinenutritionetdanse.com\/","name":"Medecine Nutrition et Danse","description":"Dott.ssa Monica Caddeo","potentialAction":[{"@type":"SearchAction","target":{"@type":"EntryPoint","urlTemplate":"https:\/\/www.medecinenutritionetdanse.com\/?s={search_term_string}"},"query-input":{"@type":"PropertyValueSpecification","valueRequired":true,"valueName":"search_term_string"}}],"inLanguage":"fr-FR"}]}},"_links":{"self":[{"href":"https:\/\/www.medecinenutritionetdanse.com\/fr\/wp-json\/wp\/v2\/product\/973","targetHints":{"allow":["GET"]}}],"collection":[{"href":"https:\/\/www.medecinenutritionetdanse.com\/fr\/wp-json\/wp\/v2\/product"}],"about":[{"href":"https:\/\/www.medecinenutritionetdanse.com\/fr\/wp-json\/wp\/v2\/types\/product"}],"wp:featuredmedia":[{"embeddable":true,"href":"https:\/\/www.medecinenutritionetdanse.com\/fr\/wp-json\/wp\/v2\/media\/602"}],"wp:attachment":[{"href":"https:\/\/www.medecinenutritionetdanse.com\/fr\/wp-json\/wp\/v2\/media?parent=973"}],"wp:term":[{"taxonomy":"product_brand","embeddable":true,"href":"https:\/\/www.medecinenutritionetdanse.com\/fr\/wp-json\/wp\/v2\/product_brand?post=973"},{"taxonomy":"product_cat","embeddable":true,"href":"https:\/\/www.medecinenutritionetdanse.com\/fr\/wp-json\/wp\/v2\/product_cat?post=973"},{"taxonomy":"product_tag","embeddable":true,"href":"https:\/\/www.medecinenutritionetdanse.com\/fr\/wp-json\/wp\/v2\/product_tag?post=973"}],"curies":[{"name":"wp","href":"https:\/\/api.w.org\/{rel}","templated":true}]}}