{"id":991,"date":"2022-01-04T11:56:29","date_gmt":"2022-01-13T11:20:03","guid":{"rendered":"https:\/\/www.medecinenutritionetdanse.com\/shop\/non%20class\u00e9\/creme-volumisante-seins-100-ml\/"},"modified":"2022-03-23T16:18:38","modified_gmt":"2022-03-23T15:18:38","slug":"creme-volumisante-seins-100-ml","status":"publish","type":"product","link":"https:\/\/www.medecinenutritionetdanse.com\/fr\/shop\/ligne-corps-et-cheveux\/creme-volumisante-seins-100-ml\/","title":{"rendered":"Cr\u00e8me Volumisante Seins 100 ml"},"content":{"rendered":"<p>Cr\u00e8me \u00e0 base d&rsquo;Extrait d&rsquo;Anemarrhena, une plante herbac\u00e9e originaire de Mongolie, contenant un principe actif non hormonal avec une action stimulante sur la prolif\u00e9ration des adipocytes (cellules responsables de l&rsquo;incorporation des lipides) et provoque une augmentation de volume.<\/p>\n<p>Au niveau du sein, la croissance des tissus se produit avec pour cons\u00e9quence un plus grand raffermissement et une croissance du volume.<\/p>\n<p>Il existe \u00e9galement de l&rsquo;acide hyaluronique qui hydrate en profondeur et maintient la partie affect\u00e9e turgescente.<\/p>\n<p>Gr\u00e2ce \u00e0 l&rsquo;action de deux peptides, il favorise la maturation des adipocytes avec un effet volumateur et stimule une plus grande synth\u00e8se de collag\u00e8ne et d&rsquo;\u00e9lastine, am\u00e9liorant la fermet\u00e9 de la peau.<\/p>\n<p>Le r\u00e9sultat de l&rsquo;action de ses ingr\u00e9dients fonctionnels est une poitrine repulp\u00e9e, lift\u00e9e et remodel\u00e9e.<\/p>\n<ul>\n<li>Am\u00e9liorez la compacit\u00e9.<\/li>\n<li>Augmente la synth\u00e8se de collag\u00e8ne et d&rsquo;\u00e9lastine.<\/li>\n<\/ul>\n<p><strong>Itin\u00e9raire:<\/strong><\/p>\n<p>Il est recommand\u00e9 dans le traitement du sein et des zones environnantes.<br \/>\nIl n&rsquo;a aucune contre-indication d&rsquo;aucune sorte et ne provoque aucune interaction hormonale.<\/p>\n<p><strong>Comment utiliser:<\/strong><\/p>\n<p>Appliquez la cr\u00e8me deux fois par jour sur la zone touch\u00e9e pendant deux mois.<br \/>\nMassage avec de doux mouvements circulaires.<\/p>\n","protected":false},"excerpt":{"rendered":"<p><img loading=\"lazy\" decoding=\"async\" class=\"alignnone size-full wp-image-22\" src=\"https:\/\/www.medecinenutritionetdanse.com\/wp-content\/uploads\/2022\/01\/bio.png\" alt=\"\" width=\"150\" height=\"53\"><\/p>\n<p>Particuli\u00e8rement adapt\u00e9 au ptosis et \u00e0 la relaxation mammaire dus \u00e0 l&rsquo;allaitement ou \u00e0 une perte de poids drastique. Il aide \u00e0 retrouver, gr\u00e2ce \u00e0 sa composition particuli\u00e8re riche en principes actifs naturels, le juste ton et la bonne consistance.<\/p>\n<p>Favorise les tons ation e le remod\u00e8le menton del sein.<\/p>\n","protected":false},"featured_media":537,"template":"","meta":{"_et_pb_use_builder":"","_et_pb_old_content":"","_et_gb_content_width":""},"product_brand":[],"product_cat":[53],"product_tag":[54],"class_list":{"0":"post-991","1":"product","2":"type-product","3":"status-publish","4":"has-post-thumbnail","6":"product_cat-ligne-corps-et-cheveux","7":"product_tag-soin-du-corps","9":"first","10":"instock","11":"shipping-taxable","12":"purchasable","13":"product-type-simple"},"yoast_head":"<!-- This site is optimized with the Yoast SEO plugin v27.5 - https:\/\/yoast.com\/product\/yoast-seo-wordpress\/ -->\n<title>Cr\u00e8me Volumisante Seins 100 ml - Medecine Nutrition et Danse<\/title>\n<meta name=\"robots\" content=\"index, follow, max-snippet:-1, max-image-preview:large, max-video-preview:-1\" \/>\n<link rel=\"canonical\" href=\"https:\/\/www.medecinenutritionetdanse.com\/shop\/linea-corpo-e-capelli\/crema-volumizzante-seno-100-ml\/\" \/>\n<meta property=\"og:locale\" content=\"fr_FR\" \/>\n<meta property=\"og:type\" content=\"article\" \/>\n<meta property=\"og:title\" content=\"Cr\u00e8me Volumisante Seins 100 ml - Medecine Nutrition et Danse\" \/>\n<meta property=\"og:description\" content=\"Particuli\u00e8rement adapt\u00e9 au ptosis et \u00e0 la relaxation mammaire dus \u00e0 l&#039;allaitement ou \u00e0 une perte de poids drastique. Il aide \u00e0 retrouver, gr\u00e2ce \u00e0 sa composition particuli\u00e8re riche en principes actifs naturels, le juste ton et la bonne consistance. Favorise les tons ation e le remod\u00e8le menton del sein.\" \/>\n<meta property=\"og:url\" content=\"https:\/\/www.medecinenutritionetdanse.com\/shop\/linea-corpo-e-capelli\/crema-volumizzante-seno-100-ml\/\" \/>\n<meta property=\"og:site_name\" content=\"Medecine Nutrition et Danse\" \/>\n<meta property=\"article:modified_time\" content=\"2022-03-23T15:18:38+00:00\" \/>\n<meta property=\"og:image\" content=\"https:\/\/www.medecinenutritionetdanse.com\/wp-content\/uploads\/2022\/01\/Crema-Volumizzante-Seno-100-ml-linea-corpo-e-capelli.jpg\" \/>\n\t<meta property=\"og:image:width\" content=\"800\" \/>\n\t<meta property=\"og:image:height\" content=\"800\" \/>\n\t<meta property=\"og:image:type\" content=\"image\/jpeg\" \/>\n<meta name=\"twitter:card\" content=\"summary_large_image\" \/>\n<meta name=\"twitter:label1\" content=\"Dur\u00e9e de lecture estim\u00e9e\" \/>\n\t<meta name=\"twitter:data1\" content=\"1 minute\" \/>\n<script type=\"application\/ld+json\" class=\"yoast-schema-graph\">{\"@context\":\"https:\\\/\\\/schema.org\",\"@graph\":[{\"@type\":\"WebPage\",\"@id\":\"https:\\\/\\\/www.medecinenutritionetdanse.com\\\/shop\\\/linea-corpo-e-capelli\\\/crema-volumizzante-seno-100-ml\\\/\",\"url\":\"https:\\\/\\\/www.medecinenutritionetdanse.com\\\/shop\\\/linea-corpo-e-capelli\\\/crema-volumizzante-seno-100-ml\\\/\",\"name\":\"Cr\u00e8me Volumisante Seins 100 ml - Medecine Nutrition et Danse\",\"isPartOf\":{\"@id\":\"https:\\\/\\\/www.medecinenutritionetdanse.com\\\/#website\"},\"primaryImageOfPage\":{\"@id\":\"https:\\\/\\\/www.medecinenutritionetdanse.com\\\/shop\\\/linea-corpo-e-capelli\\\/crema-volumizzante-seno-100-ml\\\/#primaryimage\"},\"image\":{\"@id\":\"https:\\\/\\\/www.medecinenutritionetdanse.com\\\/shop\\\/linea-corpo-e-capelli\\\/crema-volumizzante-seno-100-ml\\\/#primaryimage\"},\"thumbnailUrl\":\"https:\\\/\\\/www.medecinenutritionetdanse.com\\\/wp-content\\\/uploads\\\/2022\\\/01\\\/Crema-Volumizzante-Seno-100-ml-linea-corpo-e-capelli.jpg\",\"datePublished\":\"2022-01-13T11:20:03+00:00\",\"dateModified\":\"2022-03-23T15:18:38+00:00\",\"breadcrumb\":{\"@id\":\"https:\\\/\\\/www.medecinenutritionetdanse.com\\\/shop\\\/linea-corpo-e-capelli\\\/crema-volumizzante-seno-100-ml\\\/#breadcrumb\"},\"inLanguage\":\"fr-FR\",\"potentialAction\":[{\"@type\":\"ReadAction\",\"target\":[\"https:\\\/\\\/www.medecinenutritionetdanse.com\\\/shop\\\/linea-corpo-e-capelli\\\/crema-volumizzante-seno-100-ml\\\/\"]}]},{\"@type\":\"ImageObject\",\"inLanguage\":\"fr-FR\",\"@id\":\"https:\\\/\\\/www.medecinenutritionetdanse.com\\\/shop\\\/linea-corpo-e-capelli\\\/crema-volumizzante-seno-100-ml\\\/#primaryimage\",\"url\":\"https:\\\/\\\/www.medecinenutritionetdanse.com\\\/wp-content\\\/uploads\\\/2022\\\/01\\\/Crema-Volumizzante-Seno-100-ml-linea-corpo-e-capelli.jpg\",\"contentUrl\":\"https:\\\/\\\/www.medecinenutritionetdanse.com\\\/wp-content\\\/uploads\\\/2022\\\/01\\\/Crema-Volumizzante-Seno-100-ml-linea-corpo-e-capelli.jpg\",\"width\":800,\"height\":800,\"caption\":\"Cr\u00e8me Volumisante Seins 100 ml\"},{\"@type\":\"BreadcrumbList\",\"@id\":\"https:\\\/\\\/www.medecinenutritionetdanse.com\\\/shop\\\/linea-corpo-e-capelli\\\/crema-volumizzante-seno-100-ml\\\/#breadcrumb\",\"itemListElement\":[{\"@type\":\"ListItem\",\"position\":1,\"name\":\"Home\",\"item\":\"https:\\\/\\\/www.medecinenutritionetdanse.com\\\/fr\\\/\"},{\"@type\":\"ListItem\",\"position\":2,\"name\":\"Boutique\",\"item\":\"https:\\\/\\\/www.medecinenutritionetdanse.com\\\/fr\\\/shop\\\/\"},{\"@type\":\"ListItem\",\"position\":3,\"name\":\"Cr\u00e8me Volumisante Seins 100 ml\"}]},{\"@type\":\"WebSite\",\"@id\":\"https:\\\/\\\/www.medecinenutritionetdanse.com\\\/#website\",\"url\":\"https:\\\/\\\/www.medecinenutritionetdanse.com\\\/\",\"name\":\"Medecine Nutrition et Danse\",\"description\":\"Dott.ssa Monica Caddeo\",\"potentialAction\":[{\"@type\":\"SearchAction\",\"target\":{\"@type\":\"EntryPoint\",\"urlTemplate\":\"https:\\\/\\\/www.medecinenutritionetdanse.com\\\/?s={search_term_string}\"},\"query-input\":{\"@type\":\"PropertyValueSpecification\",\"valueRequired\":true,\"valueName\":\"search_term_string\"}}],\"inLanguage\":\"fr-FR\"}]}<\/script>\n<!-- \/ Yoast SEO plugin. -->","yoast_head_json":{"title":"Cr\u00e8me Volumisante Seins 100 ml - Medecine Nutrition et Danse","robots":{"index":"index","follow":"follow","max-snippet":"max-snippet:-1","max-image-preview":"max-image-preview:large","max-video-preview":"max-video-preview:-1"},"canonical":"https:\/\/www.medecinenutritionetdanse.com\/shop\/linea-corpo-e-capelli\/crema-volumizzante-seno-100-ml\/","og_locale":"fr_FR","og_type":"article","og_title":"Cr\u00e8me Volumisante Seins 100 ml - Medecine Nutrition et Danse","og_description":"Particuli\u00e8rement adapt\u00e9 au ptosis et \u00e0 la relaxation mammaire dus \u00e0 l'allaitement ou \u00e0 une perte de poids drastique. Il aide \u00e0 retrouver, gr\u00e2ce \u00e0 sa composition particuli\u00e8re riche en principes actifs naturels, le juste ton et la bonne consistance. Favorise les tons ation e le remod\u00e8le menton del sein.","og_url":"https:\/\/www.medecinenutritionetdanse.com\/shop\/linea-corpo-e-capelli\/crema-volumizzante-seno-100-ml\/","og_site_name":"Medecine Nutrition et Danse","article_modified_time":"2022-03-23T15:18:38+00:00","og_image":[{"width":800,"height":800,"url":"https:\/\/www.medecinenutritionetdanse.com\/wp-content\/uploads\/2022\/01\/Crema-Volumizzante-Seno-100-ml-linea-corpo-e-capelli.jpg","type":"image\/jpeg"}],"twitter_card":"summary_large_image","twitter_misc":{"Dur\u00e9e de lecture estim\u00e9e":"1 minute"},"schema":{"@context":"https:\/\/schema.org","@graph":[{"@type":"WebPage","@id":"https:\/\/www.medecinenutritionetdanse.com\/shop\/linea-corpo-e-capelli\/crema-volumizzante-seno-100-ml\/","url":"https:\/\/www.medecinenutritionetdanse.com\/shop\/linea-corpo-e-capelli\/crema-volumizzante-seno-100-ml\/","name":"Cr\u00e8me Volumisante Seins 100 ml - Medecine Nutrition et Danse","isPartOf":{"@id":"https:\/\/www.medecinenutritionetdanse.com\/#website"},"primaryImageOfPage":{"@id":"https:\/\/www.medecinenutritionetdanse.com\/shop\/linea-corpo-e-capelli\/crema-volumizzante-seno-100-ml\/#primaryimage"},"image":{"@id":"https:\/\/www.medecinenutritionetdanse.com\/shop\/linea-corpo-e-capelli\/crema-volumizzante-seno-100-ml\/#primaryimage"},"thumbnailUrl":"https:\/\/www.medecinenutritionetdanse.com\/wp-content\/uploads\/2022\/01\/Crema-Volumizzante-Seno-100-ml-linea-corpo-e-capelli.jpg","datePublished":"2022-01-13T11:20:03+00:00","dateModified":"2022-03-23T15:18:38+00:00","breadcrumb":{"@id":"https:\/\/www.medecinenutritionetdanse.com\/shop\/linea-corpo-e-capelli\/crema-volumizzante-seno-100-ml\/#breadcrumb"},"inLanguage":"fr-FR","potentialAction":[{"@type":"ReadAction","target":["https:\/\/www.medecinenutritionetdanse.com\/shop\/linea-corpo-e-capelli\/crema-volumizzante-seno-100-ml\/"]}]},{"@type":"ImageObject","inLanguage":"fr-FR","@id":"https:\/\/www.medecinenutritionetdanse.com\/shop\/linea-corpo-e-capelli\/crema-volumizzante-seno-100-ml\/#primaryimage","url":"https:\/\/www.medecinenutritionetdanse.com\/wp-content\/uploads\/2022\/01\/Crema-Volumizzante-Seno-100-ml-linea-corpo-e-capelli.jpg","contentUrl":"https:\/\/www.medecinenutritionetdanse.com\/wp-content\/uploads\/2022\/01\/Crema-Volumizzante-Seno-100-ml-linea-corpo-e-capelli.jpg","width":800,"height":800,"caption":"Cr\u00e8me Volumisante Seins 100 ml"},{"@type":"BreadcrumbList","@id":"https:\/\/www.medecinenutritionetdanse.com\/shop\/linea-corpo-e-capelli\/crema-volumizzante-seno-100-ml\/#breadcrumb","itemListElement":[{"@type":"ListItem","position":1,"name":"Home","item":"https:\/\/www.medecinenutritionetdanse.com\/fr\/"},{"@type":"ListItem","position":2,"name":"Boutique","item":"https:\/\/www.medecinenutritionetdanse.com\/fr\/shop\/"},{"@type":"ListItem","position":3,"name":"Cr\u00e8me Volumisante Seins 100 ml"}]},{"@type":"WebSite","@id":"https:\/\/www.medecinenutritionetdanse.com\/#website","url":"https:\/\/www.medecinenutritionetdanse.com\/","name":"Medecine Nutrition et Danse","description":"Dott.ssa Monica Caddeo","potentialAction":[{"@type":"SearchAction","target":{"@type":"EntryPoint","urlTemplate":"https:\/\/www.medecinenutritionetdanse.com\/?s={search_term_string}"},"query-input":{"@type":"PropertyValueSpecification","valueRequired":true,"valueName":"search_term_string"}}],"inLanguage":"fr-FR"}]}},"_links":{"self":[{"href":"https:\/\/www.medecinenutritionetdanse.com\/fr\/wp-json\/wp\/v2\/product\/991","targetHints":{"allow":["GET"]}}],"collection":[{"href":"https:\/\/www.medecinenutritionetdanse.com\/fr\/wp-json\/wp\/v2\/product"}],"about":[{"href":"https:\/\/www.medecinenutritionetdanse.com\/fr\/wp-json\/wp\/v2\/types\/product"}],"wp:featuredmedia":[{"embeddable":true,"href":"https:\/\/www.medecinenutritionetdanse.com\/fr\/wp-json\/wp\/v2\/media\/537"}],"wp:attachment":[{"href":"https:\/\/www.medecinenutritionetdanse.com\/fr\/wp-json\/wp\/v2\/media?parent=991"}],"wp:term":[{"taxonomy":"product_brand","embeddable":true,"href":"https:\/\/www.medecinenutritionetdanse.com\/fr\/wp-json\/wp\/v2\/product_brand?post=991"},{"taxonomy":"product_cat","embeddable":true,"href":"https:\/\/www.medecinenutritionetdanse.com\/fr\/wp-json\/wp\/v2\/product_cat?post=991"},{"taxonomy":"product_tag","embeddable":true,"href":"https:\/\/www.medecinenutritionetdanse.com\/fr\/wp-json\/wp\/v2\/product_tag?post=991"}],"curies":[{"name":"wp","href":"https:\/\/api.w.org\/{rel}","templated":true}]}}